{"id":288,"date":"2012-06-22T01:12:08","date_gmt":"2012-06-21T18:12:08","guid":{"rendered":"http:\/\/sw-themes.com\/porto_dummy\/product\/woo-logo-4\/"},"modified":"2019-07-23T08:29:26","modified_gmt":"2019-07-23T01:29:26","slug":"gao-nang-hoa","status":"publish","type":"product","link":"https:\/\/dev1.mypagevn.com\/hieptai\/san-pham\/gao-nang-hoa\/","title":{"rendered":"G\u1ea1o N\u00e0ng Hoa"},"content":{"rendered":"<p><strong>G\u1ea1o N\u00e0ng Hoa<\/strong> c\u00f3 v\u1ecb c\u01a1m d\u1ebbo th\u01a1m, m\u1ec1m ng\u1ecdt, l\u00e0 m\u1ed9t \u0111\u1eb7c s\u1ea3n n\u1ed5i ti\u1ebfng \u1edf mi\u1ec1n T\u00e2y Nam B\u1ed9. G\u1ea1o n\u00e0ng hoa c\u00f3 nh\u1eefng \u0111\u1eb7c \u0111i\u1ec3m d\u1ec5 nh\u1eadn d\u1ea1ng nh\u01b0 h\u1ea1t g\u1ea1o c\u00f3 m\u00e0u tr\u1eafng trong (g\u1ea1o n\u00e0ng hoa trong), ho\u1eb7c m\u00e0u tr\u1eafng \u0111\u1ee5c (g\u1ea1o n\u00e0ng hoa s\u1eefa), h\u1ea1t g\u1ea1o h\u01a1i to v\u00e0 d\u00e0i, c\u00f3 m\u00f9i th\u01a1m nh\u1eb9 nh\u00e0ng v\u00e0 th\u01a1m l\u00e2u.<\/p>\n<p><strong>G\u1ea1o N\u00e0ng Hoa<\/strong> cao c\u1ea5p b\u1ea3n ch\u1ea5t c\u00f3 v\u1ecb ng\u1ecdt nh\u1eb9 n\u00ean khi n\u1ea5u th\u00e0nh c\u01a1m, h\u1ea1t c\u01a1m c\u00e0ng ngon v\u00e0 d\u1ebbo m\u1ec1m, c\u01a1m c\u00f3 \u0111\u1ed9 t\u01a1i, kh\u00f4ng v\u00f3n c\u1ee5c, \u0111\u1ec3 ngu\u1ed9i v\u1eabn kh\u00f4ng b\u1ecb c\u1ee9ng hay kh\u00f3 \u0103n. H\u00e0m l\u01b0\u1ee3ng canxi v\u00e0 s\u1eaft cao, nh\u1eefng b\u00e1t c\u01a1m n\u1ea5u t\u1eeb g\u1ea1o n\u00e0ng hoa s\u1ebd cung c\u1ea5p nhi\u1ec1u n\u0103ng l\u01b0\u1ee3ng cho ng\u01b0\u1eddi \u0103n.<\/p>\n","protected":false},"excerpt":{"rendered":"<p>M\u00e3 s\u1ea3n ph\u1ea9m: HT02<\/p>\n<p>Quy c\u00e1ch \u0111\u00f3ng g\u00f3i: 1 &#8211; 50kg<\/p>\n<p>S\u1ea3n xu\u1ea5t: Vi\u1ec7t Nam<\/p>\n<p>\u0110\u01a1n v\u1ecb t\u00ednh: kg<\/p>\n","protected":false},"featured_media":1068,"comment_status":"open","ping_status":"closed","template":"","meta":[],"_links":{"self":[{"href":"https:\/\/dev1.mypagevn.com\/hieptai\/wp-json\/wp\/v2\/product\/288"}],"collection":[{"href":"https:\/\/dev1.mypagevn.com\/hieptai\/wp-json\/wp\/v2\/product"}],"about":[{"href":"https:\/\/dev1.mypagevn.com\/hieptai\/wp-json\/wp\/v2\/types\/product"}],"replies":[{"embeddable":true,"href":"https:\/\/dev1.mypagevn.com\/hieptai\/wp-json\/wp\/v2\/comments?post=288"}],"wp:featuredmedia":[{"embeddable":true,"href":"https:\/\/dev1.mypagevn.com\/hieptai\/wp-json\/wp\/v2\/media\/1068"}],"wp:attachment":[{"href":"https:\/\/dev1.mypagevn.com\/hieptai\/wp-json\/wp\/v2\/media?parent=288"}],"curies":[{"name":"wp","href":"https:\/\/api.w.org\/{rel}","templated":true}]}}