{"id":289,"date":"2012-06-22T01:14:58","date_gmt":"2012-06-21T18:14:58","guid":{"rendered":"http:\/\/sw-themes.com\/porto_dummy\/product\/ladies-handbag-2\/"},"modified":"2019-07-23T08:45:53","modified_gmt":"2019-07-23T01:45:53","slug":"gao-st21","status":"publish","type":"product","link":"https:\/\/dev1.mypagevn.com\/hieptai\/san-pham\/gao-st21\/","title":{"rendered":"G\u1ea1o ST21"},"content":{"rendered":"<p><strong>G\u1ea1o ST21<\/strong> c\u00f3 \u0111\u1eb7c \u0111i\u1ec3m thon, nh\u1ecf, h\u1ea1t d\u00e0i kho\u1ea3n 6.8mm.\u00a0<strong>G\u1ea1o ST21<\/strong> \u0111\u01b0\u1ee3c ng\u01b0\u1eddi ti\u00eau d\u00f9ng r\u1ea5t th\u00edch v\u00ec \u0111\u1ed9 d\u1ebbo nhi\u1ec1u, ng\u1ecdt c\u01a1m, m\u00f9i th\u01a1m t\u1ef1 nhi\u00ean. H\u01a1n th\u1ebf n\u1eefa g\u1ea1o ST21 g\u1ea1o v\u1eabn ngon sau khi \u0111\u1ec3 ngu\u1ed9i. Nh\u1eefng kh\u00e1ch h\u00e0ng th\u00edch d\u1ebbo nhi\u1ec1u ch\u1ecdn g\u1ea1o ST21 nh\u01b0 m\u1ed9t l\u1ef1a ch\u1ecdn h\u00e0ng \u0111\u1ea7u. M\u1ed9t \u0111\u1eb7c \u0111i\u1ec3m n\u1ed5i b\u1eadt c\u1ee7a g\u1ea1o ST21 l\u00e0 \u0111\u1ec3 m\u1ed9t th\u1eddi gian d\u00e0i kho\u1ea3ng 5-6 th\u00e1ng (b\u1ea3o qu\u1ea3n t\u1ed1t) t\u00ednh ch\u1ea5t d\u1ebbo th\u01a1m \u00a0trong g\u1ea1o c\u01a1 b\u1ea3n v\u1eabn gi\u1eef \u0111\u01b0\u1ee3c t\u1ed1t.<\/p>\n","protected":false},"excerpt":{"rendered":"<p>M\u00e3 s\u1ea3n ph\u1ea9m: HT04<\/p>\n<p>Quy c\u00e1ch \u0111\u00f3ng g\u00f3i: 1 &#8211; 50kg<\/p>\n<p>S\u1ea3n xu\u1ea5t: Vi\u1ec7t Nam<\/p>\n<p>\u0110\u01a1n v\u1ecb t\u00ednh: kg<\/p>\n","protected":false},"featured_media":1081,"comment_status":"open","ping_status":"closed","template":"","meta":[],"_links":{"self":[{"href":"https:\/\/dev1.mypagevn.com\/hieptai\/wp-json\/wp\/v2\/product\/289"}],"collection":[{"href":"https:\/\/dev1.mypagevn.com\/hieptai\/wp-json\/wp\/v2\/product"}],"about":[{"href":"https:\/\/dev1.mypagevn.com\/hieptai\/wp-json\/wp\/v2\/types\/product"}],"replies":[{"embeddable":true,"href":"https:\/\/dev1.mypagevn.com\/hieptai\/wp-json\/wp\/v2\/comments?post=289"}],"wp:featuredmedia":[{"embeddable":true,"href":"https:\/\/dev1.mypagevn.com\/hieptai\/wp-json\/wp\/v2\/media\/1081"}],"wp:attachment":[{"href":"https:\/\/dev1.mypagevn.com\/hieptai\/wp-json\/wp\/v2\/media?parent=289"}],"curies":[{"name":"wp","href":"https:\/\/api.w.org\/{rel}","templated":true}]}}