{"id":987,"date":"2019-06-07T23:23:07","date_gmt":"2019-06-07T16:23:07","guid":{"rendered":"http:\/\/dev1.mypagevn.com\/hieptai\/?post_type=product&#038;p=987"},"modified":"2019-07-23T08:34:18","modified_gmt":"2019-07-23T01:34:18","slug":"gao-om5451","status":"publish","type":"product","link":"https:\/\/dev1.mypagevn.com\/hieptai\/san-pham\/gao-om5451\/","title":{"rendered":"G\u1ea1o OM5451"},"content":{"rendered":"<p><span style=\"font-size: 15pt;\">G\u1ea1o OM 5451 t\u1eeb ngu\u1ed3n nguy\u00ean li\u1ec7u l\u00faa OM 5451, thu\u1ed9c lo\u1ea1i gi\u1ed1ng l\u00faa thu\u1ea7n, \u0111\u01b0\u1ee3c ch\u1ecdn t\u1eeb t\u1ed5 h\u1ee3p lai Jasmine 85\/OM2490, \u0111\u00e3 \u0111\u01b0\u1ee3c H\u1ed9i \u0111\u1ed3ng Khoa h\u1ecdc C\u00f4ng ngh\u1ec7 B\u1ed9 N\u00f4ng nghi\u1ec7p c\u00f4ng nh\u1eadn l\u00e0 gi\u1ed1ng l\u00faa Qu\u1ed1c gia v\u00e0o ng\u00e0y 23\/6\/2011, tr\u1ed3ng ph\u1ed5 bi\u1ebfn \u1edf khu v\u1ef1c \u0111\u1ed3ng b\u1eb1ng s\u00f4ng C\u1eedu Long cho n\u0103ng su\u1ea5t cao v\u1edbi ph\u1ea9m ch\u1ea5t g\u1ea1o \u0111\u1ea1t ti\u00eau chu\u1ea9n xu\u1ea5t kh\u1ea9u.<\/span><\/p>\n<p><span style=\"font-size: 15pt;\">\u0110\u1eb7c \u0111i\u1ec3m g\u1ea1o 5451:<\/span><\/p>\n<p><span style=\"font-size: 15pt;\">\u2013 H\u1ea1t g\u1ea1o 5451 thon d\u00e0i (kho\u1ea3ng 6.6 mm), \u00edt b\u1ea1c b\u1ee5ng, h\u01a1i \u0111\u1ee5c m\u00e0u s\u1eefa.<\/span><\/p>\n<p><span style=\"font-size: 15pt;\">\u2013 C\u01a1m d\u1ebbo v\u1eeba v\u00e0 m\u1ec1m, \u0111\u1ec3 ngu\u1ed9i v\u1eabn kh\u00f4ng b\u1ecb c\u1ee9ng c\u01a1m.<\/span><\/p>\n<p><span style=\"font-size: 15pt;\">\u2013 Tr\u1ecdng l\u01b0\u1ee3ng 1000 h\u1ea1t g\u1ea1o 5451 trung b\u00ecnh: 25 \u2013 26g.<\/span><\/p>\n","protected":false},"excerpt":{"rendered":"<p>M\u00e3 s\u1ea3n ph\u1ea9m: HT03<\/p>\n<p>Quy c\u00e1ch \u0111\u00f3ng g\u00f3i: 1 &#8211; 50kg<\/p>\n<p>S\u1ea3n xu\u1ea5t: Vi\u1ec7t Nam<\/p>\n<p>\u0110\u01a1n v\u1ecb t\u00ednh: kg<\/p>\n","protected":false},"featured_media":1073,"comment_status":"open","ping_status":"closed","template":"","meta":[],"_links":{"self":[{"href":"https:\/\/dev1.mypagevn.com\/hieptai\/wp-json\/wp\/v2\/product\/987"}],"collection":[{"href":"https:\/\/dev1.mypagevn.com\/hieptai\/wp-json\/wp\/v2\/product"}],"about":[{"href":"https:\/\/dev1.mypagevn.com\/hieptai\/wp-json\/wp\/v2\/types\/product"}],"replies":[{"embeddable":true,"href":"https:\/\/dev1.mypagevn.com\/hieptai\/wp-json\/wp\/v2\/comments?post=987"}],"wp:featuredmedia":[{"embeddable":true,"href":"https:\/\/dev1.mypagevn.com\/hieptai\/wp-json\/wp\/v2\/media\/1073"}],"wp:attachment":[{"href":"https:\/\/dev1.mypagevn.com\/hieptai\/wp-json\/wp\/v2\/media?parent=987"}],"curies":[{"name":"wp","href":"https:\/\/api.w.org\/{rel}","templated":true}]}}