{"id":988,"date":"2019-06-07T23:23:36","date_gmt":"2019-06-07T16:23:36","guid":{"rendered":"http:\/\/dev1.mypagevn.com\/hieptai\/?post_type=product&#038;p=988"},"modified":"2019-07-23T08:54:23","modified_gmt":"2019-07-23T01:54:23","slug":"gao-ir50404","status":"publish","type":"product","link":"https:\/\/dev1.mypagevn.com\/hieptai\/san-pham\/gao-ir50404\/","title":{"rendered":"G\u1ea1o IR50404"},"content":{"rendered":"<p><strong>G\u1ea1o 504<\/strong>\u00a0l\u00e0 gi\u1ed1ng l\u00faa\u00a0IR50404, \u0111\u01b0\u1ee3c ng\u01b0\u1eddi n\u00f4ng d\u00e2n tr\u1ed3ng ch\u1ee7 y\u1ebfu t\u1ea1i \u0111\u1ed3ng b\u1eb1ng s\u00f4ng C\u1eedu Long. \u0110\u00e2y c\u0169ng \u0111\u01b0\u1ee3c coi l\u00e0 lo\u1ea1i g\u1ea1o n\u1ed5i ti\u1ebfng nh\u1ea5t khu v\u1ef1c n\u00e0y, \u0111\u1eb7c bi\u1ec7t nh\u1ea5t l\u00e0 t\u1ec9nh Ti\u1ec1n Giang, g\u1ea1o 504 \u0111\u01b0\u1ee3c r\u1ea5t nhi\u1ec1u ng\u01b0\u1eddi s\u1eed d\u1ee5ng v\u00ec gi\u00e1 th\u00e0nh r\u1ebb, h\u1ee3p t\u00fai ti\u1ec1n c\u1ee7a ng\u01b0\u1eddi c\u00f3 thu nh\u1eadp v\u1eeba ph\u1ea3i.<\/p>\n<p>\u0110\u1ed1i v\u1edbi g\u1ea1o 504, b\u1ea1n c\u00f3 th\u1ec3 ph\u00e2n bi\u1ec7t qua c\u1ea3 h\u00ecnh d\u00e1ng v\u00e0 \u0111\u1eb7c t\u00ednh c\u1ee7a ch\u00fang. V\u1ec1 h\u00ecnh d\u00e1ng, g\u1ea1o 504 c\u00f3 h\u00ecnh d\u1ea1ng b\u1ea7u. V\u1ec1 \u0111\u1eb7c t\u00ednh, g\u1ea1o 504 sau khi n\u1ea5u cho c\u01a1m n\u1edf x\u1ed1p v\u00e0 kh\u00f4.<\/p>\n","protected":false},"excerpt":{"rendered":"<p>M\u00e3 s\u1ea3n ph\u1ea9m: HT06<\/p>\n<p>Quy c\u00e1ch \u0111\u00f3ng g\u00f3i: 1 &#8211; 50kg<\/p>\n<p>S\u1ea3n xu\u1ea5t: Vi\u1ec7t Nam<\/p>\n<p>\u0110\u01a1n v\u1ecb t\u00ednh: kg<\/p>\n","protected":false},"featured_media":1092,"comment_status":"open","ping_status":"closed","template":"","meta":[],"_links":{"self":[{"href":"https:\/\/dev1.mypagevn.com\/hieptai\/wp-json\/wp\/v2\/product\/988"}],"collection":[{"href":"https:\/\/dev1.mypagevn.com\/hieptai\/wp-json\/wp\/v2\/product"}],"about":[{"href":"https:\/\/dev1.mypagevn.com\/hieptai\/wp-json\/wp\/v2\/types\/product"}],"replies":[{"embeddable":true,"href":"https:\/\/dev1.mypagevn.com\/hieptai\/wp-json\/wp\/v2\/comments?post=988"}],"wp:featuredmedia":[{"embeddable":true,"href":"https:\/\/dev1.mypagevn.com\/hieptai\/wp-json\/wp\/v2\/media\/1092"}],"wp:attachment":[{"href":"https:\/\/dev1.mypagevn.com\/hieptai\/wp-json\/wp\/v2\/media?parent=988"}],"curies":[{"name":"wp","href":"https:\/\/api.w.org\/{rel}","templated":true}]}}