{"id":426,"date":"2017-07-07T03:06:16","date_gmt":"2017-07-07T03:06:16","guid":{"rendered":"http:\/\/dev1.mypagevn.com\/queenplaza\/?page_id=426"},"modified":"2017-08-02T03:01:35","modified_gmt":"2017-08-02T03:01:35","slug":"queen-plaza-ky-hoa","status":"publish","type":"page","link":"https:\/\/dev1.mypagevn.com\/queenplaza\/dia-diem\/queen-plaza-ky-hoa\/","title":{"rendered":"Queen Plaza K\u1ef3 H\u00f2a"},"content":{"rendered":"<p>[vc_row][vc_column css_animation=&#8221;fadeInUp&#8221; animation_type=&#8221;fadeInDown&#8221;][vc_column_text]<\/p>\n<h4 style=\"text-align: left;\"><strong>Trung t\u00e2m H\u1ed9i ngh\u1ecb Ti\u1ec7c c\u01b0\u1edbi Queen Plaza K\u1ef3 H\u00f2a<\/strong> t\u1ecda l\u1ea1c ngay trung t\u00e2m qu\u1eadn 10 \u2013 l\u00e0 m\u1ed9t trong chu\u1ed7i c\u00e1c nh\u00e0 h\u00e0ng ti\u1ec7c c\u01b0\u1edbi uy t\u00edn t\u1ea1i Tp.HCM thu\u1ed9c h\u1ec7 th\u1ed1ng Ho\u00e0ng H\u1ea3i Group, \u0111\u1ecba \u0111i\u1ec3m thu\u1eadn ti\u1ec7n cho vi\u1ec7c di chuy\u1ec3n t\u1eeb c\u00e1c h\u01b0\u1edbng qu\u1eadn 1, qu\u1eadn 3, qu\u1eadn 5, qu\u1eadn T\u00e2n B\u00ecnh, T\u00e2n Ph\u00fa v\u00e0 c\u00e1c khu v\u1ef1c l\u00e2n c\u1eadn.<\/h4>\n<h4 style=\"text-align: left;\">V\u1edbi di\u1ec7n t\u00edch r\u1ed9ng r\u00e3i, tho\u00e1ng m\u00e1t <strong>Trung t\u00e2m H\u1ed9i ngh\u1ecb Ti\u1ec7c c\u01b0\u1edbi Queen Plaza K\u1ef3 H\u00f2a<\/strong> g\u1ed3m 15 s\u1ea3nh ti\u1ec7c r\u1ed9ng l\u1edbn \u0111\u01b0\u1ee3c thi\u1ebft k\u1ebf theo phong c\u00e1ch Ch\u00e2u \u00c2u hi\u1ec7n \u0111\u1ea1i v\u1edbi s\u1ee9c ch\u1ee9a tr\u00ean 8000 kh\u00e1ch.<\/h4>\n<h4 style=\"text-align: left;\">T\u1ecda l\u1ea1c t\u1ea1i v\u1ecb tr\u00ed trung t\u00e2m, nh\u01b0ng <strong>Queen Plaza K\u1ef3 H\u00f2a<\/strong> l\u1ea1i s\u1edf h\u1eefu kh\u00f4ng gian r\u1ed9ng l\u1edbn, n\u1eb1m trong khu\u00f4n vi\u00ean c\u00f4ng vi\u00ean K\u1ef3 H\u00f2a \u0111\u01b0\u1ee3c bao ph\u1ee7 b\u1edfi nhi\u1ec1u c\u00e2y xanh s\u1ebd t\u1ea1o cho qu\u00fd kh\u00e1ch c\u1ea3m gi\u00e1c g\u1ea7n g\u0169i v\u1edbi thi\u00ean nhi\u00ean.<\/h4>\n<h4 style=\"text-align: center;\"><em><strong>Trung t\u00e2m H\u1ed9i ngh\u1ecb Ti\u1ec7c c\u01b0\u1edbi Queen Plaza K\u1ef3 H\u00f2a \u2013 N\u01a1i ho\u00e0n h\u1ea3o cho c\u00e1c bu\u1ed5i ti\u1ec7c!<\/strong><\/em><\/h4>\n<p>[\/vc_column_text][vc_single_image image=&#8221;423&#8243; img_size=&#8221;medium&#8221; alignment=&#8221;center&#8221;][\/vc_column][\/vc_row][vc_row][vc_column][vc_custom_heading text=&#8221;S\u1ea2NH TI\u1ec6C&#8221; font_container=&#8221;tag:h1|text_align:center&#8221; use_theme_fonts=&#8221;yes&#8221; el_class=&#8221;title_child_page&#8221;][vc_tta_tabs style=&#8221;flat&#8221; shape=&#8221;square&#8221; spacing=&#8221;&#8221; alignment=&#8221;center&#8221; active_section=&#8221;1&#8243; el_class=&#8221;custom_tab&#8221;][vc_tta_section title=&#8221;QUEEN 1&#8243; tab_id=&#8221;1498796508439-5f399033-bb78&#8243;][vc_images_carousel images=&#8221;1042,1051,1040,1038,1039&#8243; img_size=&#8221;1120&#215;605&#8243; autoplay=&#8221;yes&#8221; hide_prev_next_buttons=&#8221;yes&#8221; wrap=&#8221;yes&#8221;][\/vc_tta_section][vc_tta_section title=&#8221;QUEEN 2&#8243; tab_id=&#8221;1498796508528-84bdcc56-790c&#8221;][vc_images_carousel images=&#8221;1063,1068,1056,1058,1057,1055&#8243; img_size=&#8221;1120&#215;605&#8243; autoplay=&#8221;yes&#8221; hide_prev_next_buttons=&#8221;yes&#8221; wrap=&#8221;yes&#8221;][\/vc_tta_section][vc_tta_section title=&#8221;QUEEN 3&#8243; tab_id=&#8221;1498796738922-41ee4e5e-b8bf&#8221;][vc_images_carousel images=&#8221;1078,1080,1082,1083,1085,1073&#8243; img_size=&#8221;1120&#215;605&#8243; autoplay=&#8221;yes&#8221; hide_prev_next_buttons=&#8221;yes&#8221; wrap=&#8221;yes&#8221;][\/vc_tta_section][vc_tta_section title=&#8221;QUEEN 5&#8243; tab_id=&#8221;1499743157244-0ce87b6b-c6e6&#8243;][vc_images_carousel images=&#8221;1099,1096,718,716,717,715&#8243; img_size=&#8221;1120&#215;605&#8243;][\/vc_tta_section][vc_tta_section title=&#8221;QUEEN 6&#8243; tab_id=&#8221;1498796907407-531f1786-eee7&#8243;][vc_images_carousel images=&#8221;1104,1105,1102,1108,724,726&#8243; img_size=&#8221;1120&#215;605&#8243; autoplay=&#8221;yes&#8221; hide_prev_next_buttons=&#8221;yes&#8221; wrap=&#8221;yes&#8221;][\/vc_tta_section][vc_tta_section title=&#8221;QUEEN 8&#8243; tab_id=&#8221;1498796924852-b14e05e9-7d43&#8243;][vc_images_carousel images=&#8221;1112,1111,1113,1110,1102,1114,1115&#8243; img_size=&#8221;1120&#215;605&#8243; autoplay=&#8221;yes&#8221; hide_prev_next_buttons=&#8221;yes&#8221; wrap=&#8221;yes&#8221;][\/vc_tta_section][vc_tta_section title=&#8221;QUEEN 11&#8243; tab_id=&#8221;1498796939415-041c0c18-0f9b&#8221;][vc_images_carousel images=&#8221;738,736,735,737,739&#8243; img_size=&#8221;full&#8221; autoplay=&#8221;yes&#8221; hide_prev_next_buttons=&#8221;yes&#8221; wrap=&#8221;yes&#8221;][\/vc_tta_section][vc_tta_section title=&#8221;QUEEN 12&#8243; tab_id=&#8221;1499745636592-f9531c38-3ac2&#8243;][vc_images_carousel images=&#8221;1124,1123,740,741,742&#8243; img_size=&#8221;1120&#215;605&#8243;][\/vc_tta_section][\/vc_tta_tabs][\/vc_column][\/vc_row][vc_row][vc_column][vc_custom_heading text=&#8221;K\u00cdCH TH\u01af\u1edaC, C\u00d4NG SU\u1ea4T S\u1ea2NH TI\u1ec6C&#8221; font_container=&#8221;tag:h1|text_align:center&#8221; use_theme_fonts=&#8221;yes&#8221; el_class=&#8221;title_child_page&#8221;][vc_column_text]<\/p>\n<table class=\"math-table\">\n<thead>\n<tr>\n<td>S\u1ea2NH<\/td>\n<td>K\u00cdCH TH\u01af\u1edaC<\/td>\n<td>DI\u1ec6N T\u00cdCH<\/td>\n<td>B\u00c0N TR\u00d2N<\/td>\n<td>PH\u00d2NG H\u1eccP<\/td>\n<td>R\u1ea0P H\u00c1T<\/td>\n<\/tr>\n<\/thead>\n<tbody class=\"data\">\n<tr>\n<td>QUEEN 1<\/td>\n<td>25 x 21 x 5<\/td>\n<td>504<\/td>\n<td>420<\/td>\n<td>370<\/td>\n<td>800<\/td>\n<\/tr>\n<tr>\n<td>QUEEN 2<\/td>\n<td>24 x 14 x 5<\/td>\n<td>280<\/td>\n<td>230<\/td>\n<td>380<\/td>\n<td>380<\/td>\n<\/tr>\n<tr>\n<td>QUEEN 3<\/td>\n<td>24 x 14 x 5<\/td>\n<td>336<\/td>\n<td>280<\/td>\n<td>230<\/td>\n<td>380<\/td>\n<\/tr>\n<tr>\n<td>QUEEN 5<\/td>\n<td>17 x 12 x 5<\/td>\n<td>204<\/td>\n<td>160<\/td>\n<td>110<\/td>\n<td>250<\/td>\n<\/tr>\n<tr>\n<td>QUEEN 6<\/td>\n<td>29 x 17 x 5<\/td>\n<td>493<\/td>\n<td>420<\/td>\n<td>300<\/td>\n<td>500<\/td>\n<\/tr>\n<tr>\n<td>QUEEN 8<\/td>\n<td>23 x 18 x 4.5<\/td>\n<td>414<\/td>\n<td>350<\/td>\n<td>300<\/td>\n<td>500<\/td>\n<\/tr>\n<tr>\n<td>QUEEN 11<\/td>\n<td>36 x 12 x 3.8<\/td>\n<td>432<\/td>\n<td>360<\/td>\n<td>310<\/td>\n<td>500<\/td>\n<\/tr>\n<tr>\n<td>QUEEN 12<\/td>\n<td>36 x 14 x 3.8<\/td>\n<td>504<\/td>\n<td>420<\/td>\n<td>370<\/td>\n<td>700<\/td>\n<\/tr>\n<tr>\n<td>QUEEN 11+12<\/td>\n<td>36 x 26 x 3.8<\/td>\n<td>936<\/td>\n<td>800<\/td>\n<td>700<\/td>\n<td>900<\/td>\n<\/tr>\n<tr>\n<td>QUEEN 1+2<\/td>\n<td>24 x 35 x 5<\/td>\n<td>840<\/td>\n<td>600<\/td>\n<td>550<\/td>\n<td>1200<\/td>\n<\/tr>\n<tr>\n<td>QUEEN 2+3<\/td>\n<td>24 x 28 x 5<\/td>\n<td>672<\/td>\n<td>560<\/td>\n<td>500<\/td>\n<td>900<\/td>\n<\/tr>\n<tr>\n<td>QUEEN 1+2+3<\/td>\n<td>24 x 49 x 5<\/td>\n<td>1176<\/td>\n<td>1300<\/td>\n<td>1000<\/td>\n<td>1800<\/td>\n<\/tr>\n<tr class=\"total no-math-table result\">\n<td>T\u1ed4NG<\/td>\n<td>&#8211;<\/td>\n<td>&#8211;<\/td>\n<td>&#8211;<\/td>\n<td>&#8211;<\/td>\n<td>&#8211;<\/td>\n<\/tr>\n<\/tbody>\n<\/table>\n<p>[\/vc_column_text][vc_single_image image=&#8221;423&#8243; img_size=&#8221;medium&#8221; alignment=&#8221;center&#8221;][\/vc_column][\/vc_row][vc_row][vc_column][vc_custom_heading text=&#8221;SET TH\u1ef0C \u0110\u01a0N T\u1ef0 CH\u1eccN&#8221; font_container=&#8221;tag:h1|text_align:center&#8221; use_theme_fonts=&#8221;yes&#8221; el_class=&#8221;title_child_page&#8221;][rev_slider_vc alias=&#8221;thuc-don-ky-hoa&#8221;][vc_column_text]<\/p>\n<p style=\"text-align: center;\"><strong>Download to\u00e0n b\u1ed9 set menu: <a href=\"https:\/\/drive.google.com\/open?id=0B4ESQ3OQG3TgRko5OGJwcGl4YTA\">Download<\/a><\/strong><\/p>\n<p>[\/vc_column_text][vc_single_image image=&#8221;423&#8243; img_size=&#8221;medium&#8221; alignment=&#8221;center&#8221;][\/vc_column][\/vc_row][vc_row][vc_column css_animation=&#8221;fadeInUp&#8221;][vc_custom_heading text=&#8221;CH\u01af\u01a0NG TR\u00ccNH \u01afU \u0110\u00c3I&#8221; font_container=&#8221;tag:h1|text_align:center&#8221; use_theme_fonts=&#8221;yes&#8221; el_class=&#8221;title_child_page&#8221;][vc_row_inner][vc_column_inner animation_type=&#8221;fadeInUp&#8221;][vc_custom_heading text=&#8221;TI\u1ec6C C\u01af\u1edaI V\u00c0NG&#8221; font_container=&#8221;tag:h2|font_size:25|text_align:center|color:%23e2b42c&#8221; google_fonts=&#8221;font_family:Roboto%3A100%2C100italic%2C300%2C300italic%2Cregular%2Citalic%2C500%2C500italic%2C700%2C700italic%2C900%2C900italic|font_style:500%20bold%20regular%3A500%3Anormal&#8221;][vc_single_image image=&#8221;1192&#8243; img_size=&#8221;full&#8221; alignment=&#8221;center&#8221;][vc_column_text el_class=&#8221;list_custom&#8221;]<\/p>\n<h4><strong>C\u01a0 H\u1ed8I DUY NH\u1ea4T T\u1ea0I QUEEN PLAZA GI\u1ea2M \u0110\u1ebeN 50% GI\u00c1 B\u00c0N TI\u1ec6C<\/strong><\/h4>\n<h4>V\u1edbi c\u00e1c \u01b0u \u0111\u00e3i h\u1ea5p d\u1eabn \u0111i k\u00e8m nh\u01b0 sau:<\/h4>\n<p><span class=\"_5mfr _47e3\"><img loading=\"lazy\" class=\"img\" role=\"presentation\" src=\"https:\/\/dev1.mypagevn.com\/queenplaza\/wp-content\/uploads\/2017\/07\/2764.png\" alt=\"\" width=\"16\" height=\"16\" \/><span class=\"_7oe\">\u2764\ufe0f<\/span><\/span> Th\u1ef1c \u0111\u01a1n 8 m\u00f3n ngon phong ph\u00fa.<\/p>\n<p><span class=\"_5mfr _47e3\"><img loading=\"lazy\" class=\"img\" role=\"presentation\" src=\"https:\/\/dev1.mypagevn.com\/queenplaza\/wp-content\/uploads\/2017\/07\/2764.png\" alt=\"\" width=\"16\" height=\"16\" \/><span class=\"_7oe\">\u2764\ufe0f<\/span><\/span> Mi\u1ec5n ph\u00ed Bia &#8211; N\u01b0\u1edbc ng\u1ecdt &#8211; N\u01b0\u1edbc su\u1ed1i.<\/p>\n<p><span class=\"_5mfr _47e3\"><img loading=\"lazy\" class=\"img\" role=\"presentation\" src=\"https:\/\/dev1.mypagevn.com\/queenplaza\/wp-content\/uploads\/2017\/07\/2764.png\" alt=\"\" width=\"16\" height=\"16\" \/><span class=\"_7oe\">\u2764\ufe0f<\/span><\/span> Mi\u1ec5n ph\u00ed ph\u00ed ph\u1ee5c v\u1ee5.<\/p>\n<p><span class=\"_5mfr _47e3\"><img loading=\"lazy\" class=\"img\" role=\"presentation\" src=\"https:\/\/dev1.mypagevn.com\/queenplaza\/wp-content\/uploads\/2017\/07\/2764.png\" alt=\"\" width=\"16\" height=\"16\" \/><span class=\"_7oe\">\u2764\ufe0f<\/span><\/span> M\u00e0n h\u00ecnh Led su\u1ed1t ti\u1ec7c.<\/p>\n<p><span class=\"_5mfr _47e3\"><img loading=\"lazy\" class=\"img\" role=\"presentation\" src=\"https:\/\/dev1.mypagevn.com\/queenplaza\/wp-content\/uploads\/2017\/07\/2764.png\" alt=\"\" width=\"16\" height=\"16\" \/><span class=\"_7oe\">\u2764\ufe0f<\/span><\/span> T\u1eb7ng <strong>100%<\/strong> trang tr\u00ed v\u00e0 bi\u1ec3u di\u1ec5n chu\u1ea9n.<\/p>\n<p><strong><span class=\"_5mfr _47e3\"><img loading=\"lazy\" class=\"img\" role=\"presentation\" src=\"https:\/\/dev1.mypagevn.com\/queenplaza\/wp-content\/uploads\/2017\/07\/2764.png\" alt=\"\" width=\"16\" height=\"16\" \/><span class=\"_7oe\">\u2764\ufe0f<\/span><\/span> T\u1eb7ng ngay voucher 5.000.000 \u0111\u1ed3ng<\/strong> s\u1eed d\u1ee5ng d\u1ecbch v\u1ee5 ch\u1ee5p \u1ea3nh c\u01b0\u1edbi tr\u1ecdn g\u00f3i t\u1ea1i <strong>Duy DL Studio<\/strong> cho t\u1ea5t c\u1ea3 kh\u00e1ch tham quan.[\/vc_column_text][vc_separator color=&#8221;custom&#8221; accent_color=&#8221;#e2b42c&#8221;][\/vc_column_inner][\/vc_row_inner][vc_row_inner][vc_column_inner animation_type=&#8221;fadeInUp&#8221;][vc_custom_heading text=&#8221;TI\u1ec6C C\u01af\u1edaI M\u00d9A H\u00c8&#8221; font_container=&#8221;tag:h3|font_size:25|text_align:center&#8221; use_theme_fonts=&#8221;yes&#8221; el_class=&#8221;title_child_page&#8221;][vc_single_image image=&#8221;1137&#8243; img_size=&#8221;full&#8221; alignment=&#8221;center&#8221;][vc_column_text el_class=&#8221;list_custom&#8221;]<\/p>\n<h4>Ti\u1ec7c c\u01b0\u1edbi tr\u1ecdn g\u00f3i gi\u00e1 ch\u1ec9\u00a0<strong>3.190.000 \u0111\u1ed3ng\/b\u00e0n 10 kh\u00e1ch<\/strong>\u00a0v\u1edbi th\u1ef1c \u0111\u01a1n 7 m\u00f3n phong ph\u00fa.<\/h4>\n<p><span class=\"_5mfr _47e3\"><img loading=\"lazy\" class=\"img\" role=\"presentation\" src=\"https:\/\/dev1.mypagevn.com\/queenplaza\/wp-content\/uploads\/2017\/07\/2764.png\" alt=\"\" width=\"16\" height=\"16\" \/><span class=\"_7oe\">\u2764\ufe0f<\/span><\/span> Mi\u1ec5n ph\u00ed N\u01b0\u1edbc ng\u1ecdt &#8211; N\u01b0\u1edbc su\u1ed1i su\u1ed1t ti\u1ec7c.<\/p>\n<p><span class=\"_5mfr _47e3\"><img loading=\"lazy\" class=\"img\" role=\"presentation\" src=\"https:\/\/dev1.mypagevn.com\/queenplaza\/wp-content\/uploads\/2017\/07\/2764.png\" alt=\"\" width=\"16\" height=\"16\" \/><span class=\"_7oe\">\u2764\ufe0f<\/span><\/span> T\u1eb7ng bia Tiger chai l\u1edbn 2h.<\/p>\n<p><span class=\"_5mfr _47e3\"><img loading=\"lazy\" class=\"img\" role=\"presentation\" src=\"https:\/\/dev1.mypagevn.com\/queenplaza\/wp-content\/uploads\/2017\/07\/2764.png\" alt=\"\" width=\"16\" height=\"16\" \/><span class=\"_7oe\">\u2764\ufe0f<\/span><\/span> Mi\u1ec5n ph\u00ed ph\u00ed ph\u1ee5c v\u1ee5.<\/p>\n<p><span class=\"_5mfr _47e3\"><img loading=\"lazy\" class=\"img\" role=\"presentation\" src=\"https:\/\/dev1.mypagevn.com\/queenplaza\/wp-content\/uploads\/2017\/07\/2764.png\" alt=\"\" width=\"16\" height=\"16\" \/><span class=\"_7oe\">\u2764\ufe0f<\/span><\/span> M\u00e0n h\u00ecnh Led su\u1ed1t ti\u1ec7c.<\/p>\n<p><span class=\"_5mfr _47e3\"><img loading=\"lazy\" class=\"img\" role=\"presentation\" src=\"https:\/\/dev1.mypagevn.com\/queenplaza\/wp-content\/uploads\/2017\/07\/2764.png\" alt=\"\" width=\"16\" height=\"16\" \/><span class=\"_7oe\">\u2764\ufe0f<\/span><\/span> T\u1eb7ng g\u00f3i trang tr\u00ed cao c\u1ea5p tr\u1ecb gi\u00e1 30.000.000 Vn\u0111.<\/p>\n<p><strong><span class=\"_5mfr _47e3\"><img loading=\"lazy\" class=\"img\" role=\"presentation\" src=\"https:\/\/dev1.mypagevn.com\/queenplaza\/wp-content\/uploads\/2017\/07\/2764.png\" alt=\"\" width=\"16\" height=\"16\" \/><span class=\"_7oe\">\u2764\ufe0f<\/span><\/span> T\u1eb7ng ngay voucher 5.000.000 \u0111\u1ed3ng<\/strong> s\u1eed d\u1ee5ng d\u1ecbch v\u1ee5 ch\u1ee5p \u1ea3nh c\u01b0\u1edbi tr\u1ecdn g\u00f3i t\u1ea1i <strong>Duy DL Studio<\/strong> cho t\u1ea5t c\u1ea3 kh\u00e1ch tham quan.[\/vc_column_text][\/vc_column_inner][\/vc_row_inner][vc_single_image image=&#8221;423&#8243; img_size=&#8221;medium&#8221; alignment=&#8221;center&#8221;][\/vc_column][\/vc_row][vc_row][vc_column][vc_custom_heading text=&#8221;B\u00c3I \u0110\u1eacU XE&#8221; font_container=&#8221;tag:h1|text_align:center&#8221; use_theme_fonts=&#8221;yes&#8221; el_class=&#8221;title_child_page&#8221;][vc_empty_space height=&#8221;16px&#8221;][vc_row_inner][vc_column_inner el_class=&#8221;z_index_1&#8243; width=&#8221;1\/2&#8243;][vc_column_text el_class=&#8221;parking_over&#8221;]<\/p>\n<p>&nbsp;<\/p>\n<p><strong>C\u00f4ng su\u1ea5t:<\/strong> 1000 xe m\u00e1y v\u00e0 500 xe h\u01a1i c\u00e1c lo\u1ea1i.<\/p>\n<p><strong>V\u1ecb tr\u00ed:<\/strong> 16A L\u00ea H\u1ed3ng Phong &#8211; P.12 &#8211; Q.10 &#8211; Tp.HCM<\/p>\n<p><strong>\u0110\u1ed9i ng\u0169 b\u1ea3o v\u1ec7 :<\/strong> 20 nh\u00e2n vi\u00ean qu\u1ea3n l\u00ed b\u00e3i xe<\/p>\n<p>&nbsp;<\/p>\n<p>[\/vc_column_text][\/vc_column_inner][vc_column_inner width=&#8221;1\/2&#8243;][vc_single_image image=&#8221;1144&#8243; img_size=&#8221;full&#8221; alignment=&#8221;center&#8221;][\/vc_column_inner][\/vc_row_inner][\/vc_column][\/vc_row][vc_row el_class=&#8221;border_radius_1&#8243;][vc_column el_class=&#8221;pd_20&#8243;][vc_empty_space][vc_row_inner][vc_column_inner el_class=&#8221;bg_border_gray&#8221; width=&#8221;1\/4&#8243;][vc_column_text]<\/p>\n<div class=\"wpb_text_column wpb_content_element \">\n<div class=\"wpb_wrapper\">\n<p>Sau khi qu\u00fd kh\u00e1ch g\u1eedi th\u00f4ng tin \u0111\u1eb7t ti\u1ec7c, b\u1ed9 ph\u1eadn kinh doanh s\u1ebd li\u00ean h\u1ec7 trong th\u1eddi gian s\u1edbm nh\u1ea5t \u0111\u1ec3 x\u00e1c nh\u1eadn th\u00f4ng tin.<\/p>\n<p>M\u1ecdi th\u1eafc m\u1eafc v\u1ec1 c\u00e1c g\u00f3i trang tr\u00ed, th\u1ef1c \u0111\u01a1n v\u00e0 c\u00e1c d\u1ecbch v\u1ee5 k\u00e8m theo vui l\u00f2ng li\u00ean h\u1ec7 s\u1ed1 hotline t\u1ea1i c\u00e1c chi nh\u00e1nh.<\/p>\n<p>Queen Plaza ch\u00e2n th\u00e0nh c\u1ea3m \u01a1n qu\u00fd kh\u00e1ch!<\/p>\n<\/div>\n<\/div>\n<p>[\/vc_column_text][vc_single_image image=&#8221;202&#8243; img_size=&#8221;full&#8221; alignment=&#8221;center&#8221;][\/vc_column_inner][vc_column_inner width=&#8221;3\/4&#8243;][vc_custom_heading text=&#8221;LI\u00caN H\u1ec6 \u0110\u1eb6T L\u1ecaCH B\u00c1O GI\u00c1&#8221; font_container=&#8221;tag:h1|text_align:left&#8221; use_theme_fonts=&#8221;yes&#8221; el_class=&#8221;title_child_page&#8221;]<div role=\"form\" class=\"wpcf7\" id=\"wpcf7-f549-o1\" lang=\"vi\" dir=\"ltr\">\n<div class=\"screen-reader-response\"><\/div>\n<form action=\"\/queenplaza\/wp-json\/wp\/v2\/pages\/426#wpcf7-f549-o1\" method=\"post\" class=\"wpcf7-form\" novalidate=\"novalidate\">\n<div style=\"display: none;\">\n<input type=\"hidden\" name=\"_wpcf7\" value=\"549\" \/>\n<input type=\"hidden\" name=\"_wpcf7_version\" value=\"4.8\" \/>\n<input type=\"hidden\" name=\"_wpcf7_locale\" value=\"vi\" \/>\n<input type=\"hidden\" name=\"_wpcf7_unit_tag\" value=\"wpcf7-f549-o1\" \/>\n<input type=\"hidden\" name=\"_wpcf7_container_post\" value=\"0\" \/>\n<input type=\"hidden\" name=\"_wpcf7_nonce\" value=\"949e90f77a\" \/>\n<\/div>\n<div class=\"row\">\n    <div class=\"col-md-6\">\n        <h4>Th\u00f4ng tin kh\u00e1ch h\u00e0ng<\/h4>\n        <span class=\"wpcf7-form-control-wrap ho-ten\"><input type=\"text\" name=\"ho-ten\" value=\"\" size=\"40\" class=\"wpcf7-form-control wpcf7-text wpcf7-validates-as-required form-control\" aria-required=\"true\" aria-invalid=\"false\" placeholder=\"H\u1ecd v\u00e0 t\u00ean\" \/><\/span>\n        <span class=\"wpcf7-form-control-wrap so-dien-thoai\"><input type=\"tel\" name=\"so-dien-thoai\" value=\"\" size=\"40\" class=\"wpcf7-form-control wpcf7-text wpcf7-tel wpcf7-validates-as-required wpcf7-validates-as-tel form-control\" aria-required=\"true\" aria-invalid=\"false\" placeholder=\"S\u1ed1 \u0111i\u1ec7n tho\u1ea1i\" \/><\/span>\n        <span class=\"wpcf7-form-control-wrap email\"><input type=\"email\" name=\"email\" value=\"\" size=\"40\" class=\"wpcf7-form-control wpcf7-text wpcf7-email wpcf7-validates-as-required wpcf7-validates-as-email form-control\" aria-required=\"true\" aria-invalid=\"false\" placeholder=\"Email\" \/><\/span>\n        <h4>G\u00f3i trang tr\u00ed<\/h4>\n        <span class=\"wpcf7-form-control-wrap goi-trang-tri\"><span class=\"wpcf7-form-control wpcf7-radio check-control\"><span class=\"wpcf7-list-item first\"><input type=\"radio\" name=\"goi-trang-tri\" value=\"G\u00f3i Love Paradise\" checked=\"checked\" \/><span class=\"wpcf7-list-item-label\">G\u00f3i Love Paradise<\/span><\/span><span class=\"wpcf7-list-item\"><input type=\"radio\" name=\"goi-trang-tri\" value=\"G\u00f3i Royal\" \/><span class=\"wpcf7-list-item-label\">G\u00f3i Royal<\/span><\/span><span class=\"wpcf7-list-item\"><input type=\"radio\" name=\"goi-trang-tri\" value=\"G\u00f3i Vintage\" \/><span class=\"wpcf7-list-item-label\">G\u00f3i Vintage<\/span><\/span><span class=\"wpcf7-list-item\"><input type=\"radio\" name=\"goi-trang-tri\" value=\"G\u00f3i Rustic\" \/><span class=\"wpcf7-list-item-label\">G\u00f3i Rustic<\/span><\/span><span class=\"wpcf7-list-item last\"><input type=\"radio\" name=\"goi-trang-tri\" value=\"Kh\u00e1c (theo y\u00eau c\u1ea7u)\" \/><span class=\"wpcf7-list-item-label\">Kh\u00e1c (theo y\u00eau c\u1ea7u)<\/span><\/span><\/span><\/span>\n        <h4>D\u1ecbch v\u1ee5 kh\u00e1c<\/h4>\n        <span class=\"wpcf7-form-control-wrap dich-vu-khac\"><span class=\"wpcf7-form-control wpcf7-checkbox check-control\"><span class=\"wpcf7-list-item first\"><input type=\"checkbox\" name=\"dich-vu-khac[]\" value=\"\u0110\u1ed9i kh\u00e1nh ti\u1ebft \u0111\u00f3n kh\u00e1ch\" \/><span class=\"wpcf7-list-item-label\">\u0110\u1ed9i kh\u00e1nh ti\u1ebft \u0111\u00f3n kh\u00e1ch<\/span><\/span><span class=\"wpcf7-list-item\"><input type=\"checkbox\" name=\"dich-vu-khac[]\" value=\"V\u0169 \u0111o\u00e0n Queen Plaza (Truy\u1ec1n th\u1ed1ng ho\u1eb7c hi\u1ec7n \u0111\u1ea1i)\" \/><span class=\"wpcf7-list-item-label\">V\u0169 \u0111o\u00e0n Queen Plaza (Truy\u1ec1n th\u1ed1ng ho\u1eb7c hi\u1ec7n \u0111\u1ea1i)<\/span><\/span><span class=\"wpcf7-list-item\"><input type=\"checkbox\" name=\"dich-vu-khac[]\" value=\"Band nh\u1ea1c (Tr\u1ebb ho\u1eb7c c\u1ed5 \u0111i\u1ec3n)\" \/><span class=\"wpcf7-list-item-label\">Band nh\u1ea1c (Tr\u1ebb ho\u1eb7c c\u1ed5 \u0111i\u1ec3n)<\/span><\/span><span class=\"wpcf7-list-item\"><input type=\"checkbox\" name=\"dich-vu-khac[]\" value=\"Karaoke 03 gi\u1edd\" \/><span class=\"wpcf7-list-item-label\">Karaoke 03 gi\u1edd<\/span><\/span><span class=\"wpcf7-list-item\"><input type=\"checkbox\" name=\"dich-vu-khac[]\" value=\"M\u00e0n h\u00ecnh LED c\u1ee1 l\u1edbn\" \/><span class=\"wpcf7-list-item-label\">M\u00e0n h\u00ecnh LED c\u1ee1 l\u1edbn<\/span><\/span><span class=\"wpcf7-list-item\"><input type=\"checkbox\" name=\"dich-vu-khac[]\" value=\"M\u00e1y chi\u1ebfu\" \/><span class=\"wpcf7-list-item-label\">M\u00e1y chi\u1ebfu<\/span><\/span><span class=\"wpcf7-list-item\"><input type=\"checkbox\" name=\"dich-vu-khac[]\" value=\"Ph\u00e1o s\u00e1ng, ph\u00e1o l\u1eeda\" \/><span class=\"wpcf7-list-item-label\">Ph\u00e1o s\u00e1ng, ph\u00e1o l\u1eeda<\/span><\/span><span class=\"wpcf7-list-item last\"><input type=\"checkbox\" name=\"dich-vu-khac[]\" value=\"Booth ch\u1ee5p h\u00ecnh l\u1ea5y li\u1ec1n ngay t\u1ea1i ti\u1ec7c\" \/><span class=\"wpcf7-list-item-label\">Booth ch\u1ee5p h\u00ecnh l\u1ea5y li\u1ec1n ngay t\u1ea1i ti\u1ec7c<\/span><\/span><\/span><\/span>\n\n    <\/div>\n    <div class=\"col-md-6\">\n        <h4>Lo\u1ea1i ti\u1ec7c<\/h4>  \n        <span class=\"wpcf7-form-control-wrap loai-tiec\"><span class=\"wpcf7-form-control wpcf7-radio\"><span class=\"wpcf7-list-item first\"><input type=\"radio\" name=\"loai-tiec\" value=\"Ti\u1ec7c c\u01b0\u1edbi\" checked=\"checked\" \/><span class=\"wpcf7-list-item-label\">Ti\u1ec7c c\u01b0\u1edbi<\/span><\/span><span class=\"wpcf7-list-item\"><input type=\"radio\" name=\"loai-tiec\" value=\"H\u1ed9i ngh\u1ecb\" \/><span class=\"wpcf7-list-item-label\">H\u1ed9i ngh\u1ecb<\/span><\/span><span class=\"wpcf7-list-item last\"><input type=\"radio\" name=\"loai-tiec\" value=\"Kh\u00e1c\" \/><span class=\"wpcf7-list-item-label\">Kh\u00e1c<\/span><\/span><\/span><\/span>\n        <span class=\"wpcf7-form-control-wrap loai-tiec-khac\"><input type=\"text\" name=\"loai-tiec-khac\" value=\"\" size=\"40\" class=\"wpcf7-form-control wpcf7-text form-control\" aria-invalid=\"false\" placeholder=\"Lo\u1ea1i ti\u1ec7c kh\u00e1c\" \/><\/span>\n        <h4>S\u1ed1 l\u01b0\u1ee3ng kh\u00e1ch<\/h4>\n        <span class=\"wpcf7-form-control-wrap so-khach\"><input type=\"number\" name=\"so-khach\" value=\"\" class=\"wpcf7-form-control wpcf7-number wpcf7-validates-as-required wpcf7-validates-as-number form-control\" min=\"1\" aria-required=\"true\" aria-invalid=\"false\" placeholder=\"S\u1ed1 kh\u00e1ch\" \/><\/span>\n        <h4>\u0110\u1ecba \u0111i\u1ec3m<\/h4>\n        <span class=\"wpcf7-form-control-wrap dia-diem\"><span class=\"wpcf7-form-control wpcf7-radio check-control\"><span class=\"wpcf7-list-item first\"><input type=\"radio\" name=\"dia-diem\" value=\"Ho\u00e0ng H\u1ea3i Wedding &amp; Event (Qu\u1eadn 4)\" checked=\"checked\" \/><span class=\"wpcf7-list-item-label\">Ho\u00e0ng H\u1ea3i Wedding &amp; Event (Qu\u1eadn 4)<\/span><\/span><span class=\"wpcf7-list-item\"><input type=\"radio\" name=\"dia-diem\" value=\"Queen Plaza Tr\u1ea7n H\u01b0ng \u0110\u1ea1o (Qu\u1eadn 5)\" \/><span class=\"wpcf7-list-item-label\">Queen Plaza Tr\u1ea7n H\u01b0ng \u0110\u1ea1o (Qu\u1eadn 5)<\/span><\/span><span class=\"wpcf7-list-item\"><input type=\"radio\" name=\"dia-diem\" value=\"Queen Plaza Th\u00e0nh Th\u00e1i (Qu\u1eadn 10)\" \/><span class=\"wpcf7-list-item-label\">Queen Plaza Th\u00e0nh Th\u00e1i (Qu\u1eadn 10)<\/span><\/span><span class=\"wpcf7-list-item last\"><input type=\"radio\" name=\"dia-diem\" value=\"Queen Plaza K\u1ef3 H\u00f2a (Qu\u1eadn 10)\" \/><span class=\"wpcf7-list-item-label\">Queen Plaza K\u1ef3 H\u00f2a (Qu\u1eadn 10)<\/span><\/span><\/span><\/span>\n        <h4>Ng\u00e0y d\u1ef1 ki\u1ebfn<\/h4>\n        <span class=\"wpcf7-form-control-wrap ngay-dat\"><input type=\"text\" name=\"ngay-dat\" value=\"\" size=\"40\" class=\"wpcf7-form-control wpcf7-date wpcf7-validates-as-required form-control\" aria-required=\"true\" placeholder=\"Ng\u00e0y d\u1ef1 ki\u1ebfn\" \/> <\/span>\n        <input type=\"submit\" value=\"G\u1eedi th\u00f4ng tin \u0111\u1eb7t ti\u1ec7c\" class=\"wpcf7-form-control wpcf7-submit btn_custom\" \/>\n    <\/div>\n\n<\/div><div class=\"wpcf7-response-output wpcf7-display-none\"><\/div><\/form><\/div>[\/vc_column_inner][\/vc_row_inner][\/vc_column][\/vc_row]<\/p>\n","protected":false},"excerpt":{"rendered":"<p>[vc_row][vc_column css_animation=&#8221;fadeInUp&#8221; animation_type=&#8221;fadeInDown&#8221;][vc_column_text] Trung t\u00e2m H\u1ed9i ngh\u1ecb Ti\u1ec7c c\u01b0\u1edbi Queen Plaza K\u1ef3 H\u00f2a t\u1ecda l\u1ea1c ngay trung t\u00e2m qu\u1eadn 10 \u2013 l\u00e0 m\u1ed9t trong chu\u1ed7i c\u00e1c nh\u00e0 h\u00e0ng ti\u1ec7c c\u01b0\u1edbi uy t\u00edn t\u1ea1i Tp.HCM thu\u1ed9c h\u1ec7 th\u1ed1ng Ho\u00e0ng H\u1ea3i Group, \u0111\u1ecba \u0111i\u1ec3m thu\u1eadn ti\u1ec7n cho vi\u1ec7c di chuy\u1ec3n t\u1eeb c\u00e1c h\u01b0\u1edbng qu\u1eadn 1, qu\u1eadn 3, [&hellip;]<\/p>\n","protected":false},"author":1,"featured_media":0,"parent":58,"menu_order":0,"comment_status":"closed","ping_status":"closed","template":"","meta":[],"_links":{"self":[{"href":"https:\/\/dev1.mypagevn.com\/queenplaza\/wp-json\/wp\/v2\/pages\/426"}],"collection":[{"href":"https:\/\/dev1.mypagevn.com\/queenplaza\/wp-json\/wp\/v2\/pages"}],"about":[{"href":"https:\/\/dev1.mypagevn.com\/queenplaza\/wp-json\/wp\/v2\/types\/page"}],"author":[{"embeddable":true,"href":"https:\/\/dev1.mypagevn.com\/queenplaza\/wp-json\/wp\/v2\/users\/1"}],"replies":[{"embeddable":true,"href":"https:\/\/dev1.mypagevn.com\/queenplaza\/wp-json\/wp\/v2\/comments?post=426"}],"version-history":[{"count":71,"href":"https:\/\/dev1.mypagevn.com\/queenplaza\/wp-json\/wp\/v2\/pages\/426\/revisions"}],"predecessor-version":[{"id":1545,"href":"https:\/\/dev1.mypagevn.com\/queenplaza\/wp-json\/wp\/v2\/pages\/426\/revisions\/1545"}],"up":[{"embeddable":true,"href":"https:\/\/dev1.mypagevn.com\/queenplaza\/wp-json\/wp\/v2\/pages\/58"}],"wp:attachment":[{"href":"https:\/\/dev1.mypagevn.com\/queenplaza\/wp-json\/wp\/v2\/media?parent=426"}],"curies":[{"name":"wp","href":"https:\/\/api.w.org\/{rel}","templated":true}]}}