{"id":433,"date":"2017-07-07T03:12:36","date_gmt":"2017-07-07T03:12:36","guid":{"rendered":"http:\/\/dev1.mypagevn.com\/queenplaza\/?page_id=433"},"modified":"2017-08-02T10:08:35","modified_gmt":"2017-08-02T10:08:35","slug":"hoang-hai-wedding-event","status":"publish","type":"page","link":"https:\/\/dev1.mypagevn.com\/queenplaza\/dia-diem\/hoang-hai-wedding-event\/","title":{"rendered":"Ho\u00e0ng H\u1ea3i Wedding &#038; Event"},"content":{"rendered":"<p>[vc_row][vc_column][vc_column_text]<\/p>\n<h4>T\u1ecda l\u1ea1c tr\u00ean \u0111\u01b0\u1eddng Nguy\u1ec5n T\u1ea5t Th\u00e0nh, b\u00ean trong khu\u00f4n vi\u00ean c\u1ee7a b\u1ebfn c\u1ea3ng Nh\u00e0 R\u1ed3ng, <strong>trung t\u00e2m h\u1ed9i ngh\u1ecb ti\u00eac c\u01b0\u1edbi Ho\u00e0ng H\u1ea3i<\/strong> s\u1edf h\u1eefu m\u1ed9t v\u1ecb tr\u00ed r\u1ea5t trung t\u00e2m c\u00f3 th\u1ec3 k\u1ebft n\u1ed1i d\u1ec5 d\u00e0ng v\u1edbi Qu\u1eadn 1, Qu\u1eadn 5, Qu\u1eadn 2, Qu\u1eadn 7.<\/h4>\n<h4>V\u1edbi di\u1ec7n t\u00edch r\u1ed9ng l\u1edbn g\u1ea7n 9000m2 v\u00e0 kh\u00f4ng gian th\u01a1 m\u1ed9ng k\u1ebf b\u00ean s\u00f4ng S\u00e0i G\u00f2n, <strong>trung t\u00e2m h\u1ed9i ngh\u1ecb ti\u1ec7c c\u01b0\u1edbi Ho\u00e0ng H\u1ea3i<\/strong> l\u00e0 n\u01a1i l\u00fd t\u01b0\u1edfng \u0111\u1ec3 t\u1ed5 ch\u1ee9c ti\u1ec7c c\u01b0\u1edbi, h\u1ed9i ngh\u1ecb, s\u1ef1 ki\u1ec7n.<\/h4>\n<p>[\/vc_column_text][vc_single_image image=&#8221;423&#8243; img_size=&#8221;medium&#8221; alignment=&#8221;center&#8221;][\/vc_column][\/vc_row][vc_row][vc_column][vc_custom_heading text=&#8221;S\u1ea2NH TI\u1ec6C&#8221; font_container=&#8221;tag:h2|text_align:center&#8221; use_theme_fonts=&#8221;yes&#8221; el_class=&#8221;title_child_page&#8221;][vc_tta_tabs style=&#8221;flat&#8221; shape=&#8221;square&#8221; spacing=&#8221;&#8221; alignment=&#8221;center&#8221; active_section=&#8221;1&#8243; el_class=&#8221;custom_tab&#8221;][vc_tta_section title=&#8221;QUEEN 5&#8243; tab_id=&#8221;1498796738922-41ee4e5e-b8bf&#8221;][vc_images_carousel images=&#8221;756,757,758,759,760&#8243; img_size=&#8221;full&#8221; autoplay=&#8221;yes&#8221; hide_prev_next_buttons=&#8221;yes&#8221; wrap=&#8221;yes&#8221;][\/vc_tta_section][vc_tta_section title=&#8221;QUEEN 6&#8243; tab_id=&#8221;1498796907407-531f1786-eee7&#8243;][vc_images_carousel images=&#8221;761,762,763,764,765&#8243; img_size=&#8221;full&#8221; autoplay=&#8221;yes&#8221; hide_prev_next_buttons=&#8221;yes&#8221; wrap=&#8221;yes&#8221;][\/vc_tta_section][vc_tta_section title=&#8221;QUEEN 8&#8243; tab_id=&#8221;1498796924852-b14e05e9-7d43&#8243;][vc_images_carousel images=&#8221;767,768,769,770&#8243; img_size=&#8221;full&#8221; autoplay=&#8221;yes&#8221; hide_prev_next_buttons=&#8221;yes&#8221; wrap=&#8221;yes&#8221;][\/vc_tta_section][\/vc_tta_tabs][\/vc_column][\/vc_row][vc_row][vc_column][vc_custom_heading text=&#8221;K\u00cdCH TH\u01af\u1edaC, C\u00d4NG SU\u1ea4T S\u1ea2NH TI\u1ec6C&#8221; font_container=&#8221;tag:h2|text_align:center&#8221; use_theme_fonts=&#8221;yes&#8221; el_class=&#8221;title_child_page&#8221;][vc_column_text]<\/p>\n<table class=\"math-table\">\n<thead>\n<tr>\n<td>S\u1ea2NH<\/td>\n<td>K\u00cdCH TH\u01af\u1edaC<\/td>\n<td>DI\u1ec6N T\u00cdCH<\/td>\n<td>B\u00c0N TR\u00d2N<\/td>\n<td>PH\u00d2NG H\u1eccP<\/td>\n<td>R\u1ea0P H\u00c1T<\/td>\n<\/tr>\n<\/thead>\n<tbody class=\"data\">\n<tr>\n<td>QUEEN 8<\/td>\n<td>18 x 6.4 x 3.3<\/td>\n<td>115.2<\/td>\n<td>100<\/td>\n<td>100<\/td>\n<td>150<\/td>\n<\/tr>\n<tr>\n<td>QUEEN 6<\/td>\n<td>24 x 23 x 4<\/td>\n<td>552<\/td>\n<td>320<\/td>\n<td>400<\/td>\n<td>750<\/td>\n<\/tr>\n<tr>\n<td>QUEEN 5<\/td>\n<td>24 x 23 x 4<\/td>\n<td>552<\/td>\n<td>320<\/td>\n<td>400<\/td>\n<td>750<\/td>\n<\/tr>\n<tr>\n<td>QUEEN 5+6<\/td>\n<td>46 x 24 x 4<\/td>\n<td>1104<\/td>\n<td>700<\/td>\n<td>750<\/td>\n<td>1000<\/td>\n<\/tr>\n<tr class=\"total no-math-table result\">\n<td>T\u1ed4NG<\/td>\n<td>&#8211;<\/td>\n<td>&#8211;<\/td>\n<td>&#8211;<\/td>\n<td>&#8211;<\/td>\n<td>&#8211;<\/td>\n<\/tr>\n<\/tbody>\n<\/table>\n<p>[\/vc_column_text][vc_single_image image=&#8221;423&#8243; img_size=&#8221;medium&#8221; alignment=&#8221;center&#8221;][\/vc_column][\/vc_row][vc_row][vc_column][vc_custom_heading text=&#8221;SET TH\u1ef0C \u0110\u01a0N T\u1ef0 CH\u1eccN&#8221; font_container=&#8221;tag:h2|text_align:center&#8221; use_theme_fonts=&#8221;yes&#8221; el_class=&#8221;title_child_page&#8221;][rev_slider_vc alias=&#8221;thuc-don-hoang-hai&#8221;][vc_column_text]<\/p>\n<p style=\"text-align: center;\"><strong>Download to\u00e0n b\u1ed9 set menu: <a href=\"https:\/\/drive.google.com\/open?id=0B4ESQ3OQG3TgQ0JsX3FEdEY0cDA\">Download<\/a><\/strong><\/p>\n<p>[\/vc_column_text][vc_single_image image=&#8221;423&#8243; img_size=&#8221;medium&#8221; alignment=&#8221;center&#8221;][\/vc_column][\/vc_row][vc_row][vc_column][vc_custom_heading text=&#8221;CH\u01af\u01a0NG TR\u00ccNH \u01afU \u0110\u00c3I&#8221; font_container=&#8221;tag:h3|text_align:center&#8221; use_theme_fonts=&#8221;yes&#8221; el_class=&#8221;title_child_page&#8221;][vc_row_inner][vc_column_inner animation_type=&#8221;fadeInUp&#8221;][vc_custom_heading text=&#8221;TI\u1ec6C C\u01af\u1edaI SI\u00caU TI\u1ebeT KI\u1ec6M&#8221; font_container=&#8221;tag:h3|font_size:25|text_align:center&#8221; use_theme_fonts=&#8221;yes&#8221; el_class=&#8221;title_child_page&#8221;][vc_single_image image=&#8221;1492&#8243; img_size=&#8221;full&#8221; alignment=&#8221;center&#8221;][vc_column_text el_class=&#8221;list_custom&#8221;]<\/p>\n<h4><span class=\"_5mfr _47e3\"><img loading=\"lazy\" class=\"img\" role=\"presentation\" src=\"https:\/\/dev1.mypagevn.com\/queenplaza\/wp-content\/uploads\/2017\/08\/1f4a5.png\" alt=\"\" width=\"16\" height=\"16\" \/><span class=\"_7oe\">?<\/span><\/span><strong> TR\u1eccN G\u00d3I B\u00c0N TI\u1ec6C 10 KH\u00c1CH GI\u00c1 CH\u1ec8 2.690.000 VN\u0110<\/strong> <span class=\"_5mfr _47e3\"><img loading=\"lazy\" class=\"img\" role=\"presentation\" src=\"https:\/\/dev1.mypagevn.com\/queenplaza\/wp-content\/uploads\/2017\/08\/1f4a5.png\" alt=\"\" width=\"16\" height=\"16\" \/><span class=\"_7oe\">?<\/span><\/span><\/h4>\n<h4><span class=\"_5mfr _47e3\"><span class=\"_7oe\">?<\/span><\/span>V\u1edbi chi ti\u1ebft \u01b0u \u0111\u00e3i:<\/h4>\n<h4><span class=\"_5mfr _47e3\"><img loading=\"lazy\" class=\"img\" role=\"presentation\" src=\"https:\/\/dev1.mypagevn.com\/queenplaza\/wp-content\/uploads\/2017\/08\/1f338.png\" alt=\"\" width=\"16\" height=\"16\" \/><span class=\"_7oe\">?<\/span><\/span> Th\u1ef1c \u0111\u01a1n 6 m\u00f3n phong ph\u00fa.<br \/>\n<span class=\"_5mfr _47e3\"><img loading=\"lazy\" class=\"img\" role=\"presentation\" src=\"https:\/\/dev1.mypagevn.com\/queenplaza\/wp-content\/uploads\/2017\/08\/1f338.png\" alt=\"\" width=\"16\" height=\"16\" \/><span class=\"_7oe\">?<\/span><\/span> T\u1eb7ng b\u00e0n ti\u1ec7c theo c\u1ea5p s\u1ed1 b\u00e0n.<br \/>\n<span class=\"_5mfr _47e3\"><img loading=\"lazy\" class=\"img\" role=\"presentation\" src=\"https:\/\/dev1.mypagevn.com\/queenplaza\/wp-content\/uploads\/2017\/08\/1f338.png\" alt=\"\" width=\"16\" height=\"16\" \/><span class=\"_7oe\">?<\/span><\/span> T\u1eb7ng bia, n\u01b0\u1edbc ng\u1ecdt, n\u01b0\u1edbc su\u1ed1i.<br \/>\n<span class=\"_5mfr _47e3\"><img loading=\"lazy\" class=\"img\" role=\"presentation\" src=\"https:\/\/dev1.mypagevn.com\/queenplaza\/wp-content\/uploads\/2017\/08\/1f338.png\" alt=\"\" width=\"16\" height=\"16\" \/><span class=\"_7oe\">?<\/span><\/span> Ph\u00ed ph\u1ee5c v\u1ee5: 100.000 VN\u0110\/b\u00e0n.<br \/>\n&#8212;&#8212;&#8212;<br \/>\n(*) Ch\u01b0\u01a1ng tr\u00ecnh \u00e1p d\u1ee5ng cho kh\u00e1ch \u0111\u1eb7t c\u1ecdc t\u1eeb ng\u00e0y 01\/05\/2017 \u0111\u1ebfn ng\u00e0y 31\/08\/2017.<br \/>\n(**) Kh\u00f4ng \u00e1p d\u1ee5ng cho kh\u00e1ch \u0111\u00e3 \u0111\u1eb7t c\u1ecdc, hu\u1ef7 k\u00fd l\u1ea1i, kh\u00f4ng \u00e1p d\u1ee5ng \u0111\u1ed3ng th\u1eddi v\u1edbi c\u00e1c ch\u01b0\u01a1ng tr\u00ecnh khuy\u1ebfn m\u00e3i, \u01b0u \u0111\u00e3i kh\u00e1c.<br \/>\n&#8212;&#8212;&#8212;<br \/>\n<span class=\"_5mfr _47e3\"><img loading=\"lazy\" class=\"img\" role=\"presentation\" src=\"https:\/\/dev1.mypagevn.com\/queenplaza\/wp-content\/uploads\/2017\/08\/1f449_1f3fb.png\" alt=\"\" width=\"16\" height=\"16\" \/><span class=\"_7oe\">??<\/span><\/span>Trung T\u00e2m H\u1ed9i Ngh\u1ecb Ti\u1ec7c C\u01b0\u1edbi Ho\u00e0ng H\u1ea3i<br \/>\n<span class=\"_5mfr _47e3\"><img loading=\"lazy\" class=\"img\" role=\"presentation\" src=\"https:\/\/dev1.mypagevn.com\/queenplaza\/wp-content\/uploads\/2017\/08\/1f449_1f3fb.png\" alt=\"\" width=\"16\" height=\"16\" \/><span class=\"_7oe\">??<\/span><\/span> Tell: 08 3826 3976 &#8211; Hotline: 0909 623 933<br \/>\n<span class=\"_5mfr _47e3\"><img loading=\"lazy\" class=\"img\" role=\"presentation\" src=\"https:\/\/dev1.mypagevn.com\/queenplaza\/wp-content\/uploads\/2017\/08\/1f449_1f3fb.png\" alt=\"\" width=\"16\" height=\"16\" \/><span class=\"_7oe\">??<\/span><\/span> S\u1ed1 5 Nguy\u1ec5n T\u1ea5t Th\u00e0nh, Ph\u01b0\u1eddng 12, Qu\u1eadn 4.<\/h4>\n<p>[\/vc_column_text][\/vc_column_inner][\/vc_row_inner][vc_single_image image=&#8221;423&#8243; img_size=&#8221;full&#8221; alignment=&#8221;center&#8221;][\/vc_column][\/vc_row][vc_row][vc_column][vc_custom_heading text=&#8221;B\u00c3I \u0110\u1eacU XE&#8221; font_container=&#8221;tag:h2|text_align:center&#8221; use_theme_fonts=&#8221;yes&#8221; el_class=&#8221;title_child_page&#8221;][vc_empty_space height=&#8221;16px&#8221;][vc_row_inner][vc_column_inner el_class=&#8221;z_index_1&#8243; width=&#8221;1\/2&#8243;][vc_empty_space height=&#8221;45px&#8221;][vc_column_text el_class=&#8221;parking_over&#8221;]<strong>C\u00f4ng su\u1ea5t:<\/strong> 1700 ph\u01b0\u01a1ng ti\u1ec7n<\/p>\n<p><strong>V\u1ecb tr\u00ed:<\/strong> b\u00ean trong khu\u00f4n vi\u00ean b\u1ebfn c\u1ea3ng<\/p>\n<p><strong>\u0110\u1ed9i ng\u0169 b\u1ea3o v\u1ec7 :<\/strong> 17 nh\u00e2n vi\u00ean b\u1ea3o v\u1ec7[\/vc_column_text][\/vc_column_inner][vc_column_inner width=&#8221;1\/2&#8243;][vc_single_image image=&#8221;1493&#8243; img_size=&#8221;full&#8221; alignment=&#8221;center&#8221;][\/vc_column_inner][\/vc_row_inner][\/vc_column][\/vc_row][vc_row el_class=&#8221;border_radius_1&#8243;][vc_column el_class=&#8221;pd_20&#8243;][vc_empty_space][vc_row_inner][vc_column_inner el_class=&#8221;bg_border_gray&#8221; width=&#8221;1\/4&#8243;][vc_column_text]<\/p>\n<div class=\"wpb_text_column wpb_content_element \">\n<div class=\"wpb_wrapper\">\n<div class=\"wpb_text_column wpb_content_element \">\n<div class=\"wpb_wrapper\">\n<p>Sau khi qu\u00fd kh\u00e1ch g\u1eedi th\u00f4ng tin \u0111\u1eb7t ti\u1ec7c, b\u1ed9 ph\u1eadn kinh doanh s\u1ebd li\u00ean h\u1ec7 trong th\u1eddi gian s\u1edbm nh\u1ea5t \u0111\u1ec3 x\u00e1c nh\u1eadn th\u00f4ng tin.<\/p>\n<p>M\u1ecdi th\u1eafc m\u1eafc v\u1ec1 c\u00e1c g\u00f3i trang tr\u00ed, th\u1ef1c \u0111\u01a1n v\u00e0 c\u00e1c d\u1ecbch v\u1ee5 k\u00e8m theo vui l\u00f2ng li\u00ean h\u1ec7 s\u1ed1 hotline t\u1ea1i c\u00e1c chi nh\u00e1nh.<\/p>\n<p>Ho\u00e0ng H\u1ea3i Wedding &amp; Event ch\u00e2n th\u00e0nh c\u1ea3m \u01a1n qu\u00fd kh\u00e1ch!<\/p>\n<\/div>\n<\/div>\n<\/div>\n<\/div>\n<p>[\/vc_column_text][vc_single_image image=&#8221;202&#8243; img_size=&#8221;full&#8221; alignment=&#8221;center&#8221;][\/vc_column_inner][vc_column_inner width=&#8221;3\/4&#8243;][vc_custom_heading text=&#8221;LI\u00caN H\u1ec6 \u0110\u1eb6T L\u1ecaCH B\u00c1O GI\u00c1&#8221; use_theme_fonts=&#8221;yes&#8221; el_class=&#8221;title_child_page&#8221;]<div role=\"form\" class=\"wpcf7\" id=\"wpcf7-f549-o1\" lang=\"vi\" dir=\"ltr\">\n<div class=\"screen-reader-response\"><\/div>\n<form action=\"\/queenplaza\/wp-json\/wp\/v2\/pages\/433#wpcf7-f549-o1\" method=\"post\" class=\"wpcf7-form\" novalidate=\"novalidate\">\n<div style=\"display: none;\">\n<input type=\"hidden\" name=\"_wpcf7\" value=\"549\" \/>\n<input type=\"hidden\" name=\"_wpcf7_version\" value=\"4.8\" \/>\n<input type=\"hidden\" name=\"_wpcf7_locale\" value=\"vi\" \/>\n<input type=\"hidden\" name=\"_wpcf7_unit_tag\" value=\"wpcf7-f549-o1\" \/>\n<input type=\"hidden\" name=\"_wpcf7_container_post\" value=\"0\" \/>\n<input type=\"hidden\" name=\"_wpcf7_nonce\" value=\"949e90f77a\" \/>\n<\/div>\n<div class=\"row\">\n    <div class=\"col-md-6\">\n        <h4>Th\u00f4ng tin kh\u00e1ch h\u00e0ng<\/h4>\n        <span class=\"wpcf7-form-control-wrap ho-ten\"><input type=\"text\" name=\"ho-ten\" value=\"\" size=\"40\" class=\"wpcf7-form-control wpcf7-text wpcf7-validates-as-required form-control\" aria-required=\"true\" aria-invalid=\"false\" placeholder=\"H\u1ecd v\u00e0 t\u00ean\" \/><\/span>\n        <span class=\"wpcf7-form-control-wrap so-dien-thoai\"><input type=\"tel\" name=\"so-dien-thoai\" value=\"\" size=\"40\" class=\"wpcf7-form-control wpcf7-text wpcf7-tel wpcf7-validates-as-required wpcf7-validates-as-tel form-control\" aria-required=\"true\" aria-invalid=\"false\" placeholder=\"S\u1ed1 \u0111i\u1ec7n tho\u1ea1i\" \/><\/span>\n        <span class=\"wpcf7-form-control-wrap email\"><input type=\"email\" name=\"email\" value=\"\" size=\"40\" class=\"wpcf7-form-control wpcf7-text wpcf7-email wpcf7-validates-as-required wpcf7-validates-as-email form-control\" aria-required=\"true\" aria-invalid=\"false\" placeholder=\"Email\" \/><\/span>\n        <h4>G\u00f3i trang tr\u00ed<\/h4>\n        <span class=\"wpcf7-form-control-wrap goi-trang-tri\"><span class=\"wpcf7-form-control wpcf7-radio check-control\"><span class=\"wpcf7-list-item first\"><input type=\"radio\" name=\"goi-trang-tri\" value=\"G\u00f3i Love Paradise\" checked=\"checked\" \/><span class=\"wpcf7-list-item-label\">G\u00f3i Love Paradise<\/span><\/span><span class=\"wpcf7-list-item\"><input type=\"radio\" name=\"goi-trang-tri\" value=\"G\u00f3i Royal\" \/><span class=\"wpcf7-list-item-label\">G\u00f3i Royal<\/span><\/span><span class=\"wpcf7-list-item\"><input type=\"radio\" name=\"goi-trang-tri\" value=\"G\u00f3i Vintage\" \/><span class=\"wpcf7-list-item-label\">G\u00f3i Vintage<\/span><\/span><span class=\"wpcf7-list-item\"><input type=\"radio\" name=\"goi-trang-tri\" value=\"G\u00f3i Rustic\" \/><span class=\"wpcf7-list-item-label\">G\u00f3i Rustic<\/span><\/span><span class=\"wpcf7-list-item last\"><input type=\"radio\" name=\"goi-trang-tri\" value=\"Kh\u00e1c (theo y\u00eau c\u1ea7u)\" \/><span class=\"wpcf7-list-item-label\">Kh\u00e1c (theo y\u00eau c\u1ea7u)<\/span><\/span><\/span><\/span>\n        <h4>D\u1ecbch v\u1ee5 kh\u00e1c<\/h4>\n        <span class=\"wpcf7-form-control-wrap dich-vu-khac\"><span class=\"wpcf7-form-control wpcf7-checkbox check-control\"><span class=\"wpcf7-list-item first\"><input type=\"checkbox\" name=\"dich-vu-khac[]\" value=\"\u0110\u1ed9i kh\u00e1nh ti\u1ebft \u0111\u00f3n kh\u00e1ch\" \/><span class=\"wpcf7-list-item-label\">\u0110\u1ed9i kh\u00e1nh ti\u1ebft \u0111\u00f3n kh\u00e1ch<\/span><\/span><span class=\"wpcf7-list-item\"><input type=\"checkbox\" name=\"dich-vu-khac[]\" value=\"V\u0169 \u0111o\u00e0n Queen Plaza (Truy\u1ec1n th\u1ed1ng ho\u1eb7c hi\u1ec7n \u0111\u1ea1i)\" \/><span class=\"wpcf7-list-item-label\">V\u0169 \u0111o\u00e0n Queen Plaza (Truy\u1ec1n th\u1ed1ng ho\u1eb7c hi\u1ec7n \u0111\u1ea1i)<\/span><\/span><span class=\"wpcf7-list-item\"><input type=\"checkbox\" name=\"dich-vu-khac[]\" value=\"Band nh\u1ea1c (Tr\u1ebb ho\u1eb7c c\u1ed5 \u0111i\u1ec3n)\" \/><span class=\"wpcf7-list-item-label\">Band nh\u1ea1c (Tr\u1ebb ho\u1eb7c c\u1ed5 \u0111i\u1ec3n)<\/span><\/span><span class=\"wpcf7-list-item\"><input type=\"checkbox\" name=\"dich-vu-khac[]\" value=\"Karaoke 03 gi\u1edd\" \/><span class=\"wpcf7-list-item-label\">Karaoke 03 gi\u1edd<\/span><\/span><span class=\"wpcf7-list-item\"><input type=\"checkbox\" name=\"dich-vu-khac[]\" value=\"M\u00e0n h\u00ecnh LED c\u1ee1 l\u1edbn\" \/><span class=\"wpcf7-list-item-label\">M\u00e0n h\u00ecnh LED c\u1ee1 l\u1edbn<\/span><\/span><span class=\"wpcf7-list-item\"><input type=\"checkbox\" name=\"dich-vu-khac[]\" value=\"M\u00e1y chi\u1ebfu\" \/><span class=\"wpcf7-list-item-label\">M\u00e1y chi\u1ebfu<\/span><\/span><span class=\"wpcf7-list-item\"><input type=\"checkbox\" name=\"dich-vu-khac[]\" value=\"Ph\u00e1o s\u00e1ng, ph\u00e1o l\u1eeda\" \/><span class=\"wpcf7-list-item-label\">Ph\u00e1o s\u00e1ng, ph\u00e1o l\u1eeda<\/span><\/span><span class=\"wpcf7-list-item last\"><input type=\"checkbox\" name=\"dich-vu-khac[]\" value=\"Booth ch\u1ee5p h\u00ecnh l\u1ea5y li\u1ec1n ngay t\u1ea1i ti\u1ec7c\" \/><span class=\"wpcf7-list-item-label\">Booth ch\u1ee5p h\u00ecnh l\u1ea5y li\u1ec1n ngay t\u1ea1i ti\u1ec7c<\/span><\/span><\/span><\/span>\n\n    <\/div>\n    <div class=\"col-md-6\">\n        <h4>Lo\u1ea1i ti\u1ec7c<\/h4>  \n        <span class=\"wpcf7-form-control-wrap loai-tiec\"><span class=\"wpcf7-form-control wpcf7-radio\"><span class=\"wpcf7-list-item first\"><input type=\"radio\" name=\"loai-tiec\" value=\"Ti\u1ec7c c\u01b0\u1edbi\" checked=\"checked\" \/><span class=\"wpcf7-list-item-label\">Ti\u1ec7c c\u01b0\u1edbi<\/span><\/span><span class=\"wpcf7-list-item\"><input type=\"radio\" name=\"loai-tiec\" value=\"H\u1ed9i ngh\u1ecb\" \/><span class=\"wpcf7-list-item-label\">H\u1ed9i ngh\u1ecb<\/span><\/span><span class=\"wpcf7-list-item last\"><input type=\"radio\" name=\"loai-tiec\" value=\"Kh\u00e1c\" \/><span class=\"wpcf7-list-item-label\">Kh\u00e1c<\/span><\/span><\/span><\/span>\n        <span class=\"wpcf7-form-control-wrap loai-tiec-khac\"><input type=\"text\" name=\"loai-tiec-khac\" value=\"\" size=\"40\" class=\"wpcf7-form-control wpcf7-text form-control\" aria-invalid=\"false\" placeholder=\"Lo\u1ea1i ti\u1ec7c kh\u00e1c\" \/><\/span>\n        <h4>S\u1ed1 l\u01b0\u1ee3ng kh\u00e1ch<\/h4>\n        <span class=\"wpcf7-form-control-wrap so-khach\"><input type=\"number\" name=\"so-khach\" value=\"\" class=\"wpcf7-form-control wpcf7-number wpcf7-validates-as-required wpcf7-validates-as-number form-control\" min=\"1\" aria-required=\"true\" aria-invalid=\"false\" placeholder=\"S\u1ed1 kh\u00e1ch\" \/><\/span>\n        <h4>\u0110\u1ecba \u0111i\u1ec3m<\/h4>\n        <span class=\"wpcf7-form-control-wrap dia-diem\"><span class=\"wpcf7-form-control wpcf7-radio check-control\"><span class=\"wpcf7-list-item first\"><input type=\"radio\" name=\"dia-diem\" value=\"Ho\u00e0ng H\u1ea3i Wedding &amp; Event (Qu\u1eadn 4)\" checked=\"checked\" \/><span class=\"wpcf7-list-item-label\">Ho\u00e0ng H\u1ea3i Wedding &amp; Event (Qu\u1eadn 4)<\/span><\/span><span class=\"wpcf7-list-item\"><input type=\"radio\" name=\"dia-diem\" value=\"Queen Plaza Tr\u1ea7n H\u01b0ng \u0110\u1ea1o (Qu\u1eadn 5)\" \/><span class=\"wpcf7-list-item-label\">Queen Plaza Tr\u1ea7n H\u01b0ng \u0110\u1ea1o (Qu\u1eadn 5)<\/span><\/span><span class=\"wpcf7-list-item\"><input type=\"radio\" name=\"dia-diem\" value=\"Queen Plaza Th\u00e0nh Th\u00e1i (Qu\u1eadn 10)\" \/><span class=\"wpcf7-list-item-label\">Queen Plaza Th\u00e0nh Th\u00e1i (Qu\u1eadn 10)<\/span><\/span><span class=\"wpcf7-list-item last\"><input type=\"radio\" name=\"dia-diem\" value=\"Queen Plaza K\u1ef3 H\u00f2a (Qu\u1eadn 10)\" \/><span class=\"wpcf7-list-item-label\">Queen Plaza K\u1ef3 H\u00f2a (Qu\u1eadn 10)<\/span><\/span><\/span><\/span>\n        <h4>Ng\u00e0y d\u1ef1 ki\u1ebfn<\/h4>\n        <span class=\"wpcf7-form-control-wrap ngay-dat\"><input type=\"text\" name=\"ngay-dat\" value=\"\" size=\"40\" class=\"wpcf7-form-control wpcf7-date wpcf7-validates-as-required form-control\" aria-required=\"true\" placeholder=\"Ng\u00e0y d\u1ef1 ki\u1ebfn\" \/> <\/span>\n        <input type=\"submit\" value=\"G\u1eedi th\u00f4ng tin \u0111\u1eb7t ti\u1ec7c\" class=\"wpcf7-form-control wpcf7-submit btn_custom\" \/>\n    <\/div>\n\n<\/div><div class=\"wpcf7-response-output wpcf7-display-none\"><\/div><\/form><\/div>[\/vc_column_inner][\/vc_row_inner][\/vc_column][\/vc_row]<\/p>\n","protected":false},"excerpt":{"rendered":"<p>[vc_row][vc_column][vc_column_text] T\u1ecda l\u1ea1c tr\u00ean \u0111\u01b0\u1eddng Nguy\u1ec5n T\u1ea5t Th\u00e0nh, b\u00ean trong khu\u00f4n vi\u00ean c\u1ee7a b\u1ebfn c\u1ea3ng Nh\u00e0 R\u1ed3ng, trung t\u00e2m h\u1ed9i ngh\u1ecb ti\u00eac c\u01b0\u1edbi Ho\u00e0ng H\u1ea3i s\u1edf h\u1eefu m\u1ed9t v\u1ecb tr\u00ed r\u1ea5t trung t\u00e2m c\u00f3 th\u1ec3 k\u1ebft n\u1ed1i d\u1ec5 d\u00e0ng v\u1edbi Qu\u1eadn 1, Qu\u1eadn 5, Qu\u1eadn 2, Qu\u1eadn 7. V\u1edbi di\u1ec7n t\u00edch r\u1ed9ng l\u1edbn g\u1ea7n 9000m2 [&hellip;]<\/p>\n","protected":false},"author":1,"featured_media":0,"parent":58,"menu_order":0,"comment_status":"closed","ping_status":"closed","template":"","meta":[],"_links":{"self":[{"href":"https:\/\/dev1.mypagevn.com\/queenplaza\/wp-json\/wp\/v2\/pages\/433"}],"collection":[{"href":"https:\/\/dev1.mypagevn.com\/queenplaza\/wp-json\/wp\/v2\/pages"}],"about":[{"href":"https:\/\/dev1.mypagevn.com\/queenplaza\/wp-json\/wp\/v2\/types\/page"}],"author":[{"embeddable":true,"href":"https:\/\/dev1.mypagevn.com\/queenplaza\/wp-json\/wp\/v2\/users\/1"}],"replies":[{"embeddable":true,"href":"https:\/\/dev1.mypagevn.com\/queenplaza\/wp-json\/wp\/v2\/comments?post=433"}],"version-history":[{"count":11,"href":"https:\/\/dev1.mypagevn.com\/queenplaza\/wp-json\/wp\/v2\/pages\/433\/revisions"}],"predecessor-version":[{"id":1565,"href":"https:\/\/dev1.mypagevn.com\/queenplaza\/wp-json\/wp\/v2\/pages\/433\/revisions\/1565"}],"up":[{"embeddable":true,"href":"https:\/\/dev1.mypagevn.com\/queenplaza\/wp-json\/wp\/v2\/pages\/58"}],"wp:attachment":[{"href":"https:\/\/dev1.mypagevn.com\/queenplaza\/wp-json\/wp\/v2\/media?parent=433"}],"curies":[{"name":"wp","href":"https:\/\/api.w.org\/{rel}","templated":true}]}}