{"id":64,"date":"2017-06-15T08:22:22","date_gmt":"2017-06-15T08:22:22","guid":{"rendered":"http:\/\/dev1.mypagevn.com\/queenplaza\/?page_id=64"},"modified":"2017-08-01T08:39:46","modified_gmt":"2017-08-01T08:39:46","slug":"dat-tiec","status":"publish","type":"page","link":"https:\/\/dev1.mypagevn.com\/queenplaza\/dat-tiec\/","title":{"rendered":"\u0110\u1eb7t ti\u1ec7c"},"content":{"rendered":"<p>[vc_row el_class=&#8221;border_radius_1&#8243;][vc_column el_class=&#8221;pd_20&#8243;][vc_row_inner][vc_column_inner el_class=&#8221;bg_border_gray&#8221; width=&#8221;1\/4&#8243;][vc_column_text]<\/p>\n<div class=\"wpb_text_column wpb_content_element \">\n<div class=\"wpb_wrapper\">\n<div class=\"wpb_text_column wpb_content_element \">\n<div class=\"wpb_wrapper\">\n<p>Sau khi qu\u00fd kh\u00e1ch g\u1eedi th\u00f4ng tin \u0111\u1eb7t ti\u1ec7c, b\u1ed9 ph\u1eadn kinh doanh s\u1ebd li\u00ean h\u1ec7 trong th\u1eddi gian s\u1edbm nh\u1ea5t \u0111\u1ec3 x\u00e1c nh\u1eadn th\u00f4ng tin.<\/p>\n<p>M\u1ecdi th\u1eafc m\u1eafc v\u1ec1 c\u00e1c g\u00f3i trang tr\u00ed, th\u1ef1c \u0111\u01a1n v\u00e0 c\u00e1c d\u1ecbch v\u1ee5 k\u00e8m theo vui l\u00f2ng li\u00ean h\u1ec7 s\u1ed1 hotline t\u1ea1i c\u00e1c chi nh\u00e1nh.<\/p>\n<p>Queen Plaza ch\u00e2n th\u00e0nh c\u1ea3m \u01a1n qu\u00fd kh\u00e1ch!<\/p>\n<\/div>\n<\/div>\n<\/div>\n<\/div>\n<p>[\/vc_column_text][vc_single_image image=&#8221;202&#8243; img_size=&#8221;full&#8221; alignment=&#8221;center&#8221;][\/vc_column_inner][vc_column_inner width=&#8221;3\/4&#8243;][vc_custom_heading text=&#8221;LI\u00caN H\u1ec6 T\u01af V\u1ea4N \u0110\u1eb6T TI\u1ec6C&#8221; font_container=&#8221;tag:h2|text_align:center&#8221; use_theme_fonts=&#8221;yes&#8221; el_class=&#8221;custom_title&#8221;]<div role=\"form\" class=\"wpcf7\" id=\"wpcf7-f549-o1\" lang=\"vi\" dir=\"ltr\">\n<div class=\"screen-reader-response\"><\/div>\n<form action=\"\/queenplaza\/wp-json\/wp\/v2\/pages\/64#wpcf7-f549-o1\" method=\"post\" class=\"wpcf7-form\" novalidate=\"novalidate\">\n<div style=\"display: none;\">\n<input type=\"hidden\" name=\"_wpcf7\" value=\"549\" \/>\n<input type=\"hidden\" name=\"_wpcf7_version\" value=\"4.8\" \/>\n<input type=\"hidden\" name=\"_wpcf7_locale\" value=\"vi\" \/>\n<input type=\"hidden\" name=\"_wpcf7_unit_tag\" value=\"wpcf7-f549-o1\" \/>\n<input type=\"hidden\" name=\"_wpcf7_container_post\" value=\"0\" \/>\n<input type=\"hidden\" name=\"_wpcf7_nonce\" value=\"949e90f77a\" \/>\n<\/div>\n<div class=\"row\">\n    <div class=\"col-md-6\">\n        <h4>Th\u00f4ng tin kh\u00e1ch h\u00e0ng<\/h4>\n        <span class=\"wpcf7-form-control-wrap ho-ten\"><input type=\"text\" name=\"ho-ten\" value=\"\" size=\"40\" class=\"wpcf7-form-control wpcf7-text wpcf7-validates-as-required form-control\" aria-required=\"true\" aria-invalid=\"false\" placeholder=\"H\u1ecd v\u00e0 t\u00ean\" \/><\/span>\n        <span class=\"wpcf7-form-control-wrap so-dien-thoai\"><input type=\"tel\" name=\"so-dien-thoai\" value=\"\" size=\"40\" class=\"wpcf7-form-control wpcf7-text wpcf7-tel wpcf7-validates-as-required wpcf7-validates-as-tel form-control\" aria-required=\"true\" aria-invalid=\"false\" placeholder=\"S\u1ed1 \u0111i\u1ec7n tho\u1ea1i\" \/><\/span>\n        <span class=\"wpcf7-form-control-wrap email\"><input type=\"email\" name=\"email\" value=\"\" size=\"40\" class=\"wpcf7-form-control wpcf7-text wpcf7-email wpcf7-validates-as-required wpcf7-validates-as-email form-control\" aria-required=\"true\" aria-invalid=\"false\" placeholder=\"Email\" \/><\/span>\n        <h4>G\u00f3i trang tr\u00ed<\/h4>\n        <span class=\"wpcf7-form-control-wrap goi-trang-tri\"><span class=\"wpcf7-form-control wpcf7-radio check-control\"><span class=\"wpcf7-list-item first\"><input type=\"radio\" name=\"goi-trang-tri\" value=\"G\u00f3i Love Paradise\" checked=\"checked\" \/><span class=\"wpcf7-list-item-label\">G\u00f3i Love Paradise<\/span><\/span><span class=\"wpcf7-list-item\"><input type=\"radio\" name=\"goi-trang-tri\" value=\"G\u00f3i Royal\" \/><span class=\"wpcf7-list-item-label\">G\u00f3i Royal<\/span><\/span><span class=\"wpcf7-list-item\"><input type=\"radio\" name=\"goi-trang-tri\" value=\"G\u00f3i Vintage\" \/><span class=\"wpcf7-list-item-label\">G\u00f3i Vintage<\/span><\/span><span class=\"wpcf7-list-item\"><input type=\"radio\" name=\"goi-trang-tri\" value=\"G\u00f3i Rustic\" \/><span class=\"wpcf7-list-item-label\">G\u00f3i Rustic<\/span><\/span><span class=\"wpcf7-list-item last\"><input type=\"radio\" name=\"goi-trang-tri\" value=\"Kh\u00e1c (theo y\u00eau c\u1ea7u)\" \/><span class=\"wpcf7-list-item-label\">Kh\u00e1c (theo y\u00eau c\u1ea7u)<\/span><\/span><\/span><\/span>\n        <h4>D\u1ecbch v\u1ee5 kh\u00e1c<\/h4>\n        <span class=\"wpcf7-form-control-wrap dich-vu-khac\"><span class=\"wpcf7-form-control wpcf7-checkbox check-control\"><span class=\"wpcf7-list-item first\"><input type=\"checkbox\" name=\"dich-vu-khac[]\" value=\"\u0110\u1ed9i kh\u00e1nh ti\u1ebft \u0111\u00f3n kh\u00e1ch\" \/><span class=\"wpcf7-list-item-label\">\u0110\u1ed9i kh\u00e1nh ti\u1ebft \u0111\u00f3n kh\u00e1ch<\/span><\/span><span class=\"wpcf7-list-item\"><input type=\"checkbox\" name=\"dich-vu-khac[]\" value=\"V\u0169 \u0111o\u00e0n Queen Plaza (Truy\u1ec1n th\u1ed1ng ho\u1eb7c hi\u1ec7n \u0111\u1ea1i)\" \/><span class=\"wpcf7-list-item-label\">V\u0169 \u0111o\u00e0n Queen Plaza (Truy\u1ec1n th\u1ed1ng ho\u1eb7c hi\u1ec7n \u0111\u1ea1i)<\/span><\/span><span class=\"wpcf7-list-item\"><input type=\"checkbox\" name=\"dich-vu-khac[]\" value=\"Band nh\u1ea1c (Tr\u1ebb ho\u1eb7c c\u1ed5 \u0111i\u1ec3n)\" \/><span class=\"wpcf7-list-item-label\">Band nh\u1ea1c (Tr\u1ebb ho\u1eb7c c\u1ed5 \u0111i\u1ec3n)<\/span><\/span><span class=\"wpcf7-list-item\"><input type=\"checkbox\" name=\"dich-vu-khac[]\" value=\"Karaoke 03 gi\u1edd\" \/><span class=\"wpcf7-list-item-label\">Karaoke 03 gi\u1edd<\/span><\/span><span class=\"wpcf7-list-item\"><input type=\"checkbox\" name=\"dich-vu-khac[]\" value=\"M\u00e0n h\u00ecnh LED c\u1ee1 l\u1edbn\" \/><span class=\"wpcf7-list-item-label\">M\u00e0n h\u00ecnh LED c\u1ee1 l\u1edbn<\/span><\/span><span class=\"wpcf7-list-item\"><input type=\"checkbox\" name=\"dich-vu-khac[]\" value=\"M\u00e1y chi\u1ebfu\" \/><span class=\"wpcf7-list-item-label\">M\u00e1y chi\u1ebfu<\/span><\/span><span class=\"wpcf7-list-item\"><input type=\"checkbox\" name=\"dich-vu-khac[]\" value=\"Ph\u00e1o s\u00e1ng, ph\u00e1o l\u1eeda\" \/><span class=\"wpcf7-list-item-label\">Ph\u00e1o s\u00e1ng, ph\u00e1o l\u1eeda<\/span><\/span><span class=\"wpcf7-list-item last\"><input type=\"checkbox\" name=\"dich-vu-khac[]\" value=\"Booth ch\u1ee5p h\u00ecnh l\u1ea5y li\u1ec1n ngay t\u1ea1i ti\u1ec7c\" \/><span class=\"wpcf7-list-item-label\">Booth ch\u1ee5p h\u00ecnh l\u1ea5y li\u1ec1n ngay t\u1ea1i ti\u1ec7c<\/span><\/span><\/span><\/span>\n\n    <\/div>\n    <div class=\"col-md-6\">\n        <h4>Lo\u1ea1i ti\u1ec7c<\/h4>  \n        <span class=\"wpcf7-form-control-wrap loai-tiec\"><span class=\"wpcf7-form-control wpcf7-radio\"><span class=\"wpcf7-list-item first\"><input type=\"radio\" name=\"loai-tiec\" value=\"Ti\u1ec7c c\u01b0\u1edbi\" checked=\"checked\" \/><span class=\"wpcf7-list-item-label\">Ti\u1ec7c c\u01b0\u1edbi<\/span><\/span><span class=\"wpcf7-list-item\"><input type=\"radio\" name=\"loai-tiec\" value=\"H\u1ed9i ngh\u1ecb\" \/><span class=\"wpcf7-list-item-label\">H\u1ed9i ngh\u1ecb<\/span><\/span><span class=\"wpcf7-list-item last\"><input type=\"radio\" name=\"loai-tiec\" value=\"Kh\u00e1c\" \/><span class=\"wpcf7-list-item-label\">Kh\u00e1c<\/span><\/span><\/span><\/span>\n        <span class=\"wpcf7-form-control-wrap loai-tiec-khac\"><input type=\"text\" name=\"loai-tiec-khac\" value=\"\" size=\"40\" class=\"wpcf7-form-control wpcf7-text form-control\" aria-invalid=\"false\" placeholder=\"Lo\u1ea1i ti\u1ec7c kh\u00e1c\" \/><\/span>\n        <h4>S\u1ed1 l\u01b0\u1ee3ng kh\u00e1ch<\/h4>\n        <span class=\"wpcf7-form-control-wrap so-khach\"><input type=\"number\" name=\"so-khach\" value=\"\" class=\"wpcf7-form-control wpcf7-number wpcf7-validates-as-required wpcf7-validates-as-number form-control\" min=\"1\" aria-required=\"true\" aria-invalid=\"false\" placeholder=\"S\u1ed1 kh\u00e1ch\" \/><\/span>\n        <h4>\u0110\u1ecba \u0111i\u1ec3m<\/h4>\n        <span class=\"wpcf7-form-control-wrap dia-diem\"><span class=\"wpcf7-form-control wpcf7-radio check-control\"><span class=\"wpcf7-list-item first\"><input type=\"radio\" name=\"dia-diem\" value=\"Ho\u00e0ng H\u1ea3i Wedding &amp; Event (Qu\u1eadn 4)\" checked=\"checked\" \/><span class=\"wpcf7-list-item-label\">Ho\u00e0ng H\u1ea3i Wedding &amp; Event (Qu\u1eadn 4)<\/span><\/span><span class=\"wpcf7-list-item\"><input type=\"radio\" name=\"dia-diem\" value=\"Queen Plaza Tr\u1ea7n H\u01b0ng \u0110\u1ea1o (Qu\u1eadn 5)\" \/><span class=\"wpcf7-list-item-label\">Queen Plaza Tr\u1ea7n H\u01b0ng \u0110\u1ea1o (Qu\u1eadn 5)<\/span><\/span><span class=\"wpcf7-list-item\"><input type=\"radio\" name=\"dia-diem\" value=\"Queen Plaza Th\u00e0nh Th\u00e1i (Qu\u1eadn 10)\" \/><span class=\"wpcf7-list-item-label\">Queen Plaza Th\u00e0nh Th\u00e1i (Qu\u1eadn 10)<\/span><\/span><span class=\"wpcf7-list-item last\"><input type=\"radio\" name=\"dia-diem\" value=\"Queen Plaza K\u1ef3 H\u00f2a (Qu\u1eadn 10)\" \/><span class=\"wpcf7-list-item-label\">Queen Plaza K\u1ef3 H\u00f2a (Qu\u1eadn 10)<\/span><\/span><\/span><\/span>\n        <h4>Ng\u00e0y d\u1ef1 ki\u1ebfn<\/h4>\n        <span class=\"wpcf7-form-control-wrap ngay-dat\"><input type=\"text\" name=\"ngay-dat\" value=\"\" size=\"40\" class=\"wpcf7-form-control wpcf7-date wpcf7-validates-as-required form-control\" aria-required=\"true\" placeholder=\"Ng\u00e0y d\u1ef1 ki\u1ebfn\" \/> <\/span>\n        <input type=\"submit\" value=\"G\u1eedi th\u00f4ng tin \u0111\u1eb7t ti\u1ec7c\" class=\"wpcf7-form-control wpcf7-submit btn_custom\" \/>\n    <\/div>\n\n<\/div><div class=\"wpcf7-response-output wpcf7-display-none\"><\/div><\/form><\/div>[\/vc_column_inner][\/vc_row_inner][\/vc_column][\/vc_row]<\/p>\n","protected":false},"excerpt":{"rendered":"<p>[vc_row el_class=&#8221;border_radius_1&#8243;][vc_column el_class=&#8221;pd_20&#8243;][vc_row_inner][vc_column_inner el_class=&#8221;bg_border_gray&#8221; width=&#8221;1\/4&#8243;][vc_column_text] Sau khi qu\u00fd kh\u00e1ch g\u1eedi th\u00f4ng tin \u0111\u1eb7t ti\u1ec7c, b\u1ed9 ph\u1eadn kinh doanh s\u1ebd li\u00ean h\u1ec7 trong th\u1eddi gian s\u1edbm nh\u1ea5t \u0111\u1ec3 x\u00e1c nh\u1eadn th\u00f4ng tin. M\u1ecdi th\u1eafc m\u1eafc v\u1ec1 c\u00e1c g\u00f3i trang tr\u00ed, th\u1ef1c \u0111\u01a1n v\u00e0 c\u00e1c d\u1ecbch v\u1ee5 k\u00e8m theo vui l\u00f2ng li\u00ean h\u1ec7 s\u1ed1 hotline t\u1ea1i c\u00e1c [&hellip;]<\/p>\n","protected":false},"author":1,"featured_media":0,"parent":0,"menu_order":0,"comment_status":"closed","ping_status":"closed","template":"","meta":[],"_links":{"self":[{"href":"https:\/\/dev1.mypagevn.com\/queenplaza\/wp-json\/wp\/v2\/pages\/64"}],"collection":[{"href":"https:\/\/dev1.mypagevn.com\/queenplaza\/wp-json\/wp\/v2\/pages"}],"about":[{"href":"https:\/\/dev1.mypagevn.com\/queenplaza\/wp-json\/wp\/v2\/types\/page"}],"author":[{"embeddable":true,"href":"https:\/\/dev1.mypagevn.com\/queenplaza\/wp-json\/wp\/v2\/users\/1"}],"replies":[{"embeddable":true,"href":"https:\/\/dev1.mypagevn.com\/queenplaza\/wp-json\/wp\/v2\/comments?post=64"}],"version-history":[{"count":9,"href":"https:\/\/dev1.mypagevn.com\/queenplaza\/wp-json\/wp\/v2\/pages\/64\/revisions"}],"predecessor-version":[{"id":1520,"href":"https:\/\/dev1.mypagevn.com\/queenplaza\/wp-json\/wp\/v2\/pages\/64\/revisions\/1520"}],"wp:attachment":[{"href":"https:\/\/dev1.mypagevn.com\/queenplaza\/wp-json\/wp\/v2\/media?parent=64"}],"curies":[{"name":"wp","href":"https:\/\/api.w.org\/{rel}","templated":true}]}}